{"id":590,"date":"2015-01-25T00:21:50","date_gmt":"2015-01-24T23:21:50","guid":{"rendered":"http:\/\/wp13356677.server-he.de\/kontakt\/"},"modified":"2024-03-20T14:00:54","modified_gmt":"2024-03-20T13:00:54","slug":"contact","status":"publish","type":"page","link":"https:\/\/www.inbusinessforyou.eu\/fr\/contact\/","title":{"rendered":"Contact"},"content":{"rendered":"<div class=\"wpb-content-wrapper\">[vc_row full_width=\u00a0\u00bbstretch_row_content\u00a0\u00bb css=\u00a0\u00bb.vc_custom_1586176503142{margin-top: -140px !important;}\u00a0\u00bb][vc_column][vc_single_image image=\u00a0\u00bb1039&Prime; alignment=\u00a0\u00bbright\u00a0\u00bb el_class=\u00a0\u00bbstempel\u00a0\u00bb][\/vc_column][\/vc_row][vc_row css=\u00a0\u00bb.vc_custom_1559588346246{padding-bottom: 30px !important;}\u00a0\u00bb][vc_column width=\u00a0\u00bb1\/2&Prime;]<style>.vcex-heading.vcex_69eb9874db10f{color:#003366;font-size:28px;}<\/style><div class=\"vcex-heading vcex-heading-plain vcex-module wpex-heading wpex-text-2xl wpex-div vcex_69eb9874db10f\"><span class=\"vcex-heading-inner wpex-inline-block\">D\u00e9marche \u00e0 suivre<\/span><\/div>[vc_separator align=\u00a0\u00bbalign_left\u00a0\u00bb]<div class=\"vcex-spacing wpex-w-100 wpex-clear\"><\/div>[vc_column_text]Nous convenons tout d\u2019abord d\u2019un rendez-vous afin de faire connaissance. Lors de cet entretien personnel, nous discutons et d\u00e9terminons clairement vos besoins et vos objectifs. Ensuite et sur cette base, je vous soumets un devis comprenant les processus, les prestations, le calendrier et les co\u00fbts.<\/p>\n<p>D\u00e8s la r\u00e9ception de votre accord, je vous transmets un contrat et le projet peut d\u00e9marrer. Un suivi r\u00e9gulier des r\u00e9sultats obtenus, ainsi que la transmission d\u00e9taill\u00e9e \u00e0 la fin du projet rel\u00e8vent pour moi de l\u2019\u00e9vidence. Je me r\u00e9jouis de collaborer avec vous. [\/vc_column_text][\/vc_column][vc_column width=\u00a0\u00bb1\/2&Prime;]<div class=\"vcex-spacing wpex-w-100 wpex-clear hidden-phone\" style=\"height:60px;\"><\/div>[vc_single_image image=\u00a0\u00bb1079&Prime;][\/vc_column][\/vc_row][vc_row full_width=\u00a0\u00bbstretch_row\u00a0\u00bb css=\u00a0\u00bb.vc_custom_1560497782942{padding-top: 70px !important;padding-bottom: 30px !important;background-color: #efeae5 !important;}\u00a0\u00bb local_scroll_id=\u00a0\u00bbformular\u00a0\u00bb][vc_column width=\u00a0\u00bb1\/2&Prime;]<style>.vcex-heading.vcex_69eb9874dc079{color:#003366;font-size:28px;}<\/style><div class=\"vcex-heading vcex-heading-plain vcex-module wpex-heading wpex-text-2xl wpex-div vcex_69eb9874dc079\"><span class=\"vcex-heading-inner wpex-inline-block\">Contact<\/span><\/div>[vc_separator color=\u00a0\u00bbchino\u00a0\u00bb align=\u00a0\u00bbalign_left\u00a0\u00bb]<div class=\"vcex-spacing wpex-w-100 wpex-clear\"><\/div>[vc_column_text]<strong>Contactez-moi et prenez rendez-vous afin de faire connaissance. N\u2019h\u00e9sitez pas \u00e0 m\u2019appeler ou \u00e0 me contacter par Email.<\/strong>[\/vc_column_text]<div class=\"vcex-spacing wpex-w-100 wpex-clear\" style=\"height:20px;\"><\/div>[vc_column_text]T\u00e9l. <a href=\"tel:04063670770\">+49-40-636 70 770<\/a><br \/>\nMobile +49-174-601 53 52<br \/>\nFax +49-40-24 181 455<\/p>\n<p>E-Mail <a class=\"eMail\" href=\"mailto:Info@InBusinessForYou.eu\">m.nels@InBusinessForYou.eu<\/a>[\/vc_column_text]<div class=\"vcex-spacing wpex-w-100 wpex-clear\"><\/div><style>.vcex-button.vcex_69eb9874dd5ef{background:#bf941e;color:#ffffff!important;padding-block:10px;font-size:16px;text-transform:uppercase;letter-spacing:1px;}.vcex-button.vcex_69eb9874dd5ef:hover{background:#bfa04c!important;color:#ffffff!important;}<\/style><div class=\"vc_custom_1710939649346 wpex-clr\"><a href=\"https:\/\/calendly.com\/michael-nels\/30min\" class=\"vcex-button theme-button flat inline hvr hvr-wobble-horizontal vcex_69eb9874dd5ef\" title=\"Prenez rendez-vous\" target=\"_blank\" rel=\"noopener noreferrer\"><span class=\"vcex-button-inner theme-button-inner wpex-flex wpex-flex-wrap wpex-items-center wpex-justify-center\"><span class=\"vcex-button-icon vcex-icon-wrap theme-button-icon-left\"><span aria-hidden=\"true\" class=\"fas fa-calendar-check\"><\/span><\/span>Prenez rendez-vous<\/span><\/a><\/div> [\/vc_column][vc_column width=\u00a0\u00bb1\/2&Prime;]<div class=\"vcex-spacing wpex-w-100 wpex-clear hidden-phone\" style=\"height:60px;\"><\/div>\n<div class=\"wpcf7 no-js\" id=\"wpcf7-f998-o1\" lang=\"de-DE\" dir=\"ltr\" data-wpcf7-id=\"998\">\n<div class=\"screen-reader-response\"><p role=\"status\" aria-live=\"polite\" aria-atomic=\"true\"><\/p> <ul><\/ul><\/div>\n<form action=\"\/fr\/wp-json\/wp\/v2\/pages\/590#wpcf7-f998-o1\" method=\"post\" class=\"wpcf7-form init\" aria-label=\"Kontaktformular\" novalidate=\"novalidate\" data-status=\"init\">\n<fieldset class=\"hidden-fields-container\"><input type=\"hidden\" name=\"_wpcf7\" value=\"998\" \/><input type=\"hidden\" name=\"_wpcf7_version\" value=\"6.1.5\" \/><input type=\"hidden\" name=\"_wpcf7_locale\" value=\"de_DE\" \/><input type=\"hidden\" name=\"_wpcf7_unit_tag\" value=\"wpcf7-f998-o1\" \/><input type=\"hidden\" name=\"_wpcf7_container_post\" value=\"0\" \/><input type=\"hidden\" name=\"_wpcf7_posted_data_hash\" value=\"\" \/>\n<\/fieldset>\n<div class=\"wpcf7-turnstile cf-turnstile\" data-sitekey=\"0x4AAAAAACD9lYYvirPBA3p3\" data-response-field-name=\"_wpcf7_turnstile_response\"><\/div>\n\n<p><label> Nom\/Pr\u00e9nom:<br \/>\n<span class=\"wpcf7-form-control-wrap\" data-name=\"your-name\"><input size=\"40\" maxlength=\"400\" class=\"wpcf7-form-control wpcf7-text\" aria-invalid=\"false\" value=\"\" type=\"text\" name=\"your-name\" \/><\/span> <\/label>\n<\/p>\n<p><label> Adresse E-Mail: (champ obligatoire)<br \/>\n<span class=\"wpcf7-form-control-wrap\" data-name=\"your-email\"><input size=\"40\" maxlength=\"400\" class=\"wpcf7-form-control wpcf7-email wpcf7-validates-as-required wpcf7-text wpcf7-validates-as-email\" aria-required=\"true\" aria-invalid=\"false\" value=\"\" type=\"email\" name=\"your-email\" \/><\/span> <\/label>\n<\/p>\n<p><label> Concerne:<br \/>\n<span class=\"wpcf7-form-control-wrap\" data-name=\"your-subject\"><input size=\"40\" maxlength=\"400\" class=\"wpcf7-form-control wpcf7-text\" aria-invalid=\"false\" value=\"\" type=\"text\" name=\"your-subject\" \/><\/span> <\/label><br \/>\n<span id=\"wpcf7-69eb9874ec524-wrapper\" class=\"wpcf7-form-control-wrap honeypot-741-wrap\" ><label for=\"wpcf7-69eb9874ec524-field\" class=\"hp-message\">Bitte lasse dieses Feld leer.<\/label><input id=\"wpcf7-69eb9874ec524-field\"  class=\"wpcf7-form-control wpcf7-text\" type=\"text\" name=\"honeypot-741\" value=\"\" size=\"40\" tabindex=\"-1\" autocomplete=\"new-password\" \/><\/span><br \/>\n<label> Message:<br \/>\n<span class=\"wpcf7-form-control-wrap\" data-name=\"your-message\"><textarea cols=\"40\" rows=\"10\" maxlength=\"2000\" class=\"wpcf7-form-control wpcf7-textarea\" aria-invalid=\"false\" name=\"your-message\"><\/textarea><\/span> <\/label>\n<\/p>\n<p><span class=\"wpcf7-form-control-wrap\" data-name=\"acceptance-830\"><span class=\"wpcf7-form-control wpcf7-acceptance\"><span class=\"wpcf7-list-item\"><label><input type=\"checkbox\" name=\"acceptance-830\" value=\"1\" aria-invalid=\"false\" \/><span class=\"wpcf7-list-item-label\">Accord d\u2019utilisation des donn\u00e9es (champ obligatoire)<\/span><\/label><\/span><\/span><\/span>\n<\/p>\n<p>J\u2019accepte que mes donn\u00e9es issues du formulaire de contact soient utilis\u00e9es et trait\u00e9es pour r\u00e9pondre \u00e0 ma demande. Ces dates seront supprim\u00e9es, une fois ma demande trait\u00e9e.\n<\/p>\n<p><strong>Remarque <\/strong>: Vous avez le droit \u00e0 tout moment de vous opposer \u00e0 cet accord, en \u00e9crivant un courrier \u00e9lectronique \u00e0 <a href=\"mailto:info@InBusinessForYou.eu\"> info@InBusinessForYou.eu <\/a>. Vous trouverez plus d\u2019informations sur l\u2019utilisation des donn\u00e9es personnelles dans la d\u00e9claration sur la protection des donn\u00e9es. Ce message ne sera envoy\u00e9 que si vous donnez votre accord sur l\u2019utilisation des donn\u00e9es.\n<\/p>\n<p><input class=\"wpcf7-form-control wpcf7-submit has-spinner\" type=\"submit\" value=\"Envoyer\" \/>\n<\/p><div class=\"wpcf7-response-output\" aria-hidden=\"true\"><\/div>\n<\/form>\n<\/div>\n[\/vc_column][\/vc_row][vc_row css=\u00a0\u00bb.vc_custom_1460667358119{padding-top: 50px !important;padding-bottom: 20px !important;}\u00a0\u00bb][vc_column]<style>.vcex-heading.vcex_69eb9874ee7ad{color:#003366;font-size:20px;font-weight:300;text-transform:uppercase;}<\/style><div class=\"vcex-heading vcex-heading-plain vcex-module wpex-heading wpex-text-2xl wpex-div wpex-text-center vcex_69eb9874ee7ad\"><span class=\"vcex-heading-inner wpex-inline-block\">Nos clients<\/span><\/div>[vc_separator]<div class=\"vcex-spacing wpex-w-100 wpex-clear\" style=\"height:40PX;\"><\/div><style class=\"vcex-carousel-preload-css\">.vcex_69eb9874f1eca{--wpex-carousel-gap:15px;}.vcex_69eb9874f1eca{--wpex-carousel-columns:1;}.vcex_69eb9874f1eca.wpex-carousel:not(.wpex-carousel--loaded) > *:not(:nth-child(1n+2)){display:flex!important;}@media only screen and (min-width: 480px) {.vcex_69eb9874f1eca{--wpex-carousel-columns:2;}.vcex_69eb9874f1eca.wpex-carousel:not(.wpex-carousel--loaded) > *:not(:nth-child(1n+3)){display:flex!important;}}@media only screen and (min-width: 768px) {.vcex_69eb9874f1eca{--wpex-carousel-columns:3;}.vcex_69eb9874f1eca.wpex-carousel:not(.wpex-carousel--loaded) > *:not(:nth-child(1n+4)){display:flex!important;}}@media only screen and (min-width: 960px) {.vcex_69eb9874f1eca{--wpex-carousel-columns:4;}.vcex_69eb9874f1eca.wpex-carousel:not(.wpex-carousel--loaded) > *:not(:nth-child(1n+5)){display:flex!important;}}<\/style><div class=\"vcex-image-carousel wpex-carousel wpex-carousel-images wpex-clr vcex-module owl-carousel wpex-carousel--render-onload vcex_69eb9874f1eca\" data-wpex-carousel=\"{&quot;nav&quot;:&quot;false&quot;,&quot;autoplay&quot;:&quot;true&quot;,&quot;slideBy&quot;:4,&quot;items&quot;:4,&quot;responsive&quot;:{&quot;0&quot;:{&quot;items&quot;:&quot;1&quot;},&quot;480&quot;:{&quot;items&quot;:&quot;2&quot;},&quot;768&quot;:{&quot;items&quot;:&quot;3&quot;},&quot;960&quot;:{&quot;items&quot;:4}},&quot;smartSpeed&quot;:150}\"><div class=\"wpex-carousel-slide\"><figure class=\"wpex-carousel-entry-media entry-media wpex-relative image-filter-grayscale\"><img width=\"250\" height=\"130\" src=\"https:\/\/www.inbusinessforyou.eu\/wp-content\/uploads\/2019\/06\/directsens-logo.jpg\" class=\"wpex-align-middle skip-lazy\" alt=\"directsens\" data-no-lazy=\"1\" \/><\/figure><\/div><div class=\"wpex-carousel-slide\"><figure class=\"wpex-carousel-entry-media entry-media wpex-relative image-filter-grayscale\"><img width=\"250\" height=\"130\" src=\"https:\/\/www.inbusinessforyou.eu\/wp-content\/uploads\/2019\/06\/farmacent-logo.jpg\" class=\"wpex-align-middle skip-lazy\" alt=\"Farmacent\" data-no-lazy=\"1\" \/><\/figure><\/div><div class=\"wpex-carousel-slide\"><figure class=\"wpex-carousel-entry-media entry-media wpex-relative image-filter-grayscale\"><img width=\"250\" height=\"130\" src=\"https:\/\/www.inbusinessforyou.eu\/wp-content\/uploads\/2019\/06\/stellosch-logo.jpg\" class=\"wpex-align-middle skip-lazy\" alt=\"Logo Stellisch\" data-no-lazy=\"1\" \/><\/figure><\/div><div class=\"wpex-carousel-slide\"><figure class=\"wpex-carousel-entry-media entry-media wpex-relative image-filter-grayscale\"><img width=\"250\" height=\"130\" src=\"https:\/\/www.inbusinessforyou.eu\/wp-content\/uploads\/2019\/06\/moodmixer-logo.jpg\" class=\"wpex-align-middle skip-lazy\" alt=\"Logo Moodmixer Systeme\" data-no-lazy=\"1\" \/><\/figure><\/div><div class=\"wpex-carousel-slide\"><figure class=\"wpex-carousel-entry-media entry-media wpex-relative image-filter-grayscale\"><img width=\"250\" height=\"130\" src=\"https:\/\/www.inbusinessforyou.eu\/wp-content\/uploads\/2019\/07\/buenting-logo.jpg\" class=\"wpex-align-middle skip-lazy\" alt=\"B\u00fcnting Tee\" data-no-lazy=\"1\" \/><\/figure><\/div><div class=\"wpex-carousel-slide\"><figure class=\"wpex-carousel-entry-media entry-media wpex-relative image-filter-grayscale\"><img width=\"250\" height=\"130\" src=\"https:\/\/www.inbusinessforyou.eu\/wp-content\/uploads\/2019\/07\/lorenz-logo.jpg\" class=\"wpex-align-middle skip-lazy\" alt=\"\" data-no-lazy=\"1\" \/><\/figure><\/div><div class=\"wpex-carousel-slide\"><figure class=\"wpex-carousel-entry-media entry-media wpex-relative image-filter-grayscale\"><img width=\"250\" height=\"130\" src=\"https:\/\/www.inbusinessforyou.eu\/wp-content\/uploads\/2019\/07\/spxflow-logo.jpg\" class=\"wpex-align-middle skip-lazy\" alt=\"\" data-no-lazy=\"1\" \/><\/figure><\/div><div class=\"wpex-carousel-slide\"><figure class=\"wpex-carousel-entry-media entry-media wpex-relative image-filter-grayscale\"><img width=\"250\" height=\"130\" src=\"https:\/\/www.inbusinessforyou.eu\/wp-content\/uploads\/2019\/07\/kraft-logo.jpg\" class=\"wpex-align-middle skip-lazy\" alt=\"\" data-no-lazy=\"1\" \/><\/figure><\/div><div class=\"wpex-carousel-slide\"><figure class=\"wpex-carousel-entry-media entry-media wpex-relative image-filter-grayscale\"><img width=\"250\" height=\"130\" src=\"https:\/\/www.inbusinessforyou.eu\/wp-content\/uploads\/2019\/07\/gerresheimer-logo.jpg\" class=\"wpex-align-middle skip-lazy\" alt=\"\" data-no-lazy=\"1\" \/><\/figure><\/div><div class=\"wpex-carousel-slide\"><figure class=\"wpex-carousel-entry-media entry-media wpex-relative image-filter-grayscale\"><img width=\"250\" height=\"130\" src=\"https:\/\/www.inbusinessforyou.eu\/wp-content\/uploads\/2019\/09\/scotts.jpg\" class=\"wpex-align-middle skip-lazy\" alt=\"\" data-no-lazy=\"1\" \/><\/figure><\/div><div class=\"wpex-carousel-slide\"><figure class=\"wpex-carousel-entry-media entry-media wpex-relative image-filter-grayscale\"><img width=\"250\" height=\"130\" src=\"https:\/\/www.inbusinessforyou.eu\/wp-content\/uploads\/2019\/09\/tesa.jpg\" class=\"wpex-align-middle skip-lazy\" alt=\"\" data-no-lazy=\"1\" \/><\/figure><\/div><div class=\"wpex-carousel-slide\"><figure class=\"wpex-carousel-entry-media entry-media wpex-relative image-filter-grayscale\"><img width=\"250\" height=\"130\" src=\"https:\/\/www.inbusinessforyou.eu\/wp-content\/uploads\/2019\/09\/panasonic.jpg\" class=\"wpex-align-middle skip-lazy\" alt=\"\" data-no-lazy=\"1\" \/><\/figure><\/div><\/div>[\/vc_column][\/vc_row][vc_row full_width=\u00a0\u00bbstretch_row\u00a0\u00bb css=\u00a0\u00bb.vc_custom_1556865800986{padding-top: 80px !important;padding-bottom: 100px !important;background-image: url(https:\/\/www.inbusinessforyou.eu\/wp-content\/uploads\/2019\/05\/nels-slider19.jpg?id=363) !important;background-position: center !important;background-repeat: no-repeat !important;background-size: cover !important;}\u00a0\u00bb][vc_column width=\u00a0\u00bb1\/2&Prime;][vc_column_text font_size=\u00a0\u00bb22px\u00a0\u00bb color=\u00a0\u00bb#003366&Prime; css=\u00a0\u00bb.vc_custom_1586161354957{padding-top: 30px !important;padding-right: 30px !important;padding-bottom: 30px !important;padding-left: 30px !important;}\u00a0\u00bb]INFORMATIONS SUR MA PERSONNE[\/vc_column_text][vc_column_text font_size=\u00a0\u00bb36px\u00a0\u00bb color=\u00a0\u00bb#ffffff\u00a0\u00bb css=\u00a0\u00bb.vc_custom_1556519197751{padding: 30px !important;background-color: #003366 !important;}\u00a0\u00bb]Michael Nels[\/vc_column_text][vc_column_text font_size=\u00a0\u00bb18px\u00a0\u00bb color=\u00a0\u00bb#ffffff\u00a0\u00bb css=\u00a0\u00bb.vc_custom_1583317893036{padding-right: 30px !important;padding-bottom: 30px !important;padding-left: 30px !important;background-color: #003366 !important;}\u00a0\u00bb]Je suis expert en commerce et en marketing pour les march\u00e9s allemand et europ\u00e9en et j\u2019ai \u00e0 mon actif de nombreuses ann\u00e9es d\u2019exp\u00e9rience de produits de marques de la grande consommation et depuis 23 ans au niveau de la direction g\u00e9n\u00e9rale.<br \/>\nEn tant que sp\u00e9cialiste de la vente performante, de la commercialisation cr\u00e9ative, du management d\u2019innovation durable, ainsi que de la gestion efficace des co\u00fbts dans l\u2019optique d\u2019une croissance profitable, j\u2019aime autant le d\u00e9fi d\u2019agir comme consultant avec un regard ext\u00e9rieur tout comme l\u2019action dans le management de transition \u00e0 l\u2019int\u00e9rieur de l\u2019entreprise. Et chaque jour, c\u2019est ce d\u00e9fi positif, en tant que dirigeant d\u2019\u00e9quipes interdisciplinaires associant les personnes, les strat\u00e9gies et la gestion des co\u00fbts vers la r\u00e9ussite qui me motive.[\/vc_column_text][\/vc_column][vc_column width=\u00a0\u00bb1\/2&Prime;][\/vc_column][\/vc_row][vc_row css=\u00a0\u00bb.vc_custom_1556625163470{padding-top: 70px !important;padding-bottom: 30px !important;}\u00a0\u00bb local_scroll_id=\u00a0\u00bbmarketing\u00a0\u00bb][vc_column][\/vc_column][\/vc_row]\n<\/div>","protected":false},"excerpt":{"rendered":"<p>[vc_row full_width=\u00a0\u00bbstretch_row_content\u00a0\u00bb css=\u00a0\u00bb.vc_custom_1586176503142{margin-top: -140px !important;}\u00a0\u00bb][vc_column][vc_single_image image=\u00a0\u00bb1039&Prime; alignment=\u00a0\u00bbright\u00a0\u00bb el_class=\u00a0\u00bbstempel\u00a0\u00bb][\/vc_column][\/vc_row][vc_row css=\u00a0\u00bb.vc_custom_1559588346246{padding-bottom: 30px !important;}\u00a0\u00bb][vc_column width=\u00a0\u00bb1\/2&Prime;][vc_separator align=\u00a0\u00bbalign_left\u00a0\u00bb][vc_column_text]Nous convenons tout d\u2019abord d\u2019un rendez-vous afin de faire connaissance. Lors de cet entretien personnel, nous discutons et d\u00e9terminons clairement vos besoins et vos objectifs. Ensuite et sur cette base, je vous soumets un devis comprenant les processus, les prestations, le calendrier et&hellip;<\/p>\n","protected":false},"author":1,"featured_media":0,"parent":0,"menu_order":0,"comment_status":"closed","ping_status":"closed","template":"","meta":{"footnotes":""},"class_list":["post-590","page","type-page","status-publish","hentry","entry","no-media"],"yoast_head":"<!-- This site is optimized with the Yoast SEO plugin v27.4 - https:\/\/yoast.com\/product\/yoast-seo-wordpress\/ -->\n<title>Contact - in business for you :: Michael Nels<\/title>\n<meta name=\"robots\" content=\"index, follow, max-snippet:-1, max-image-preview:large, max-video-preview:-1\" \/>\n<link rel=\"canonical\" href=\"https:\/\/www.inbusinessforyou.eu\/fr\/contact\/\" \/>\n<meta property=\"og:locale\" content=\"fr_FR\" \/>\n<meta property=\"og:type\" content=\"article\" \/>\n<meta property=\"og:title\" content=\"Contact - in business for you :: Michael Nels\" \/>\n<meta property=\"og:description\" content=\"[vc_row full_width=\u00a0\u00bbstretch_row_content\u00a0\u00bb css=\u00a0\u00bb.vc_custom_1586176503142{margin-top: -140px !important;}\u00a0\u00bb][vc_column][vc_single_image image=\u00a0\u00bb1039&Prime; alignment=\u00a0\u00bbright\u00a0\u00bb el_class=\u00a0\u00bbstempel\u00a0\u00bb][\/vc_column][\/vc_row][vc_row css=\u00a0\u00bb.vc_custom_1559588346246{padding-bottom: 30px !important;}\u00a0\u00bb][vc_column width=\u00a0\u00bb1\/2&Prime;][vc_separator align=\u00a0\u00bbalign_left\u00a0\u00bb][vc_column_text]Nous convenons tout d\u2019abord d\u2019un rendez-vous afin de faire connaissance. Lors de cet entretien personnel, nous discutons et d\u00e9terminons clairement vos besoins et vos objectifs. Ensuite et sur cette base, je vous soumets un devis comprenant les processus, les prestations, le calendrier et&hellip;\" \/>\n<meta property=\"og:url\" content=\"https:\/\/www.inbusinessforyou.eu\/fr\/contact\/\" \/>\n<meta property=\"og:site_name\" content=\"in business for you :: Michael Nels\" \/>\n<meta property=\"article:modified_time\" content=\"2024-03-20T13:00:54+00:00\" \/>\n<meta name=\"twitter:card\" content=\"summary_large_image\" \/>\n<meta name=\"twitter:label1\" content=\"Dur\u00e9e de lecture estim\u00e9e\" \/>\n\t<meta name=\"twitter:data1\" content=\"4 minutes\" \/>\n<script type=\"application\/ld+json\" class=\"yoast-schema-graph\">{\"@context\":\"https:\\\/\\\/schema.org\",\"@graph\":[{\"@type\":\"WebPage\",\"@id\":\"https:\\\/\\\/www.inbusinessforyou.eu\\\/fr\\\/contact\\\/\",\"url\":\"https:\\\/\\\/www.inbusinessforyou.eu\\\/fr\\\/contact\\\/\",\"name\":\"Contact - in business for you :: Michael Nels\",\"isPartOf\":{\"@id\":\"https:\\\/\\\/www.inbusinessforyou.eu\\\/fr\\\/#website\"},\"datePublished\":\"2015-01-24T23:21:50+00:00\",\"dateModified\":\"2024-03-20T13:00:54+00:00\",\"breadcrumb\":{\"@id\":\"https:\\\/\\\/www.inbusinessforyou.eu\\\/fr\\\/contact\\\/#breadcrumb\"},\"inLanguage\":\"fr-FR\",\"potentialAction\":[{\"@type\":\"ReadAction\",\"target\":[\"https:\\\/\\\/www.inbusinessforyou.eu\\\/fr\\\/contact\\\/\"]}]},{\"@type\":\"BreadcrumbList\",\"@id\":\"https:\\\/\\\/www.inbusinessforyou.eu\\\/fr\\\/contact\\\/#breadcrumb\",\"itemListElement\":[{\"@type\":\"ListItem\",\"position\":1,\"name\":\"Startseite\",\"item\":\"https:\\\/\\\/www.inbusinessforyou.eu\\\/fr\\\/\"},{\"@type\":\"ListItem\",\"position\":2,\"name\":\"Contact\"}]},{\"@type\":\"WebSite\",\"@id\":\"https:\\\/\\\/www.inbusinessforyou.eu\\\/fr\\\/#website\",\"url\":\"https:\\\/\\\/www.inbusinessforyou.eu\\\/fr\\\/\",\"name\":\"in business for you :: Michael Nels\",\"description\":\"Interimsmanagement - Michael Nels - Hamburg\",\"publisher\":{\"@id\":\"https:\\\/\\\/www.inbusinessforyou.eu\\\/fr\\\/#organization\"},\"potentialAction\":[{\"@type\":\"SearchAction\",\"target\":{\"@type\":\"EntryPoint\",\"urlTemplate\":\"https:\\\/\\\/www.inbusinessforyou.eu\\\/fr\\\/?s={search_term_string}\"},\"query-input\":{\"@type\":\"PropertyValueSpecification\",\"valueRequired\":true,\"valueName\":\"search_term_string\"}}],\"inLanguage\":\"fr-FR\"},{\"@type\":\"Organization\",\"@id\":\"https:\\\/\\\/www.inbusinessforyou.eu\\\/fr\\\/#organization\",\"name\":\"in business for you :: Michael Nels\",\"url\":\"https:\\\/\\\/www.inbusinessforyou.eu\\\/fr\\\/\",\"logo\":{\"@type\":\"ImageObject\",\"inLanguage\":\"fr-FR\",\"@id\":\"https:\\\/\\\/www.inbusinessforyou.eu\\\/fr\\\/#\\\/schema\\\/logo\\\/image\\\/\",\"url\":\"https:\\\/\\\/www.inbusinessforyou.eu\\\/wp-content\\\/uploads\\\/2019\\\/04\\\/Logo-iB4u.jpg\",\"contentUrl\":\"https:\\\/\\\/www.inbusinessforyou.eu\\\/wp-content\\\/uploads\\\/2019\\\/04\\\/Logo-iB4u.jpg\",\"width\":983,\"height\":165,\"caption\":\"in business for you :: Michael Nels\"},\"image\":{\"@id\":\"https:\\\/\\\/www.inbusinessforyou.eu\\\/fr\\\/#\\\/schema\\\/logo\\\/image\\\/\"}}]}<\/script>\n<!-- \/ Yoast SEO plugin. -->","yoast_head_json":{"title":"Contact - in business for you :: Michael Nels","robots":{"index":"index","follow":"follow","max-snippet":"max-snippet:-1","max-image-preview":"max-image-preview:large","max-video-preview":"max-video-preview:-1"},"canonical":"https:\/\/www.inbusinessforyou.eu\/fr\/contact\/","og_locale":"fr_FR","og_type":"article","og_title":"Contact - in business for you :: Michael Nels","og_description":"[vc_row full_width=\u00a0\u00bbstretch_row_content\u00a0\u00bb css=\u00a0\u00bb.vc_custom_1586176503142{margin-top: -140px !important;}\u00a0\u00bb][vc_column][vc_single_image image=\u00a0\u00bb1039&Prime; alignment=\u00a0\u00bbright\u00a0\u00bb el_class=\u00a0\u00bbstempel\u00a0\u00bb][\/vc_column][\/vc_row][vc_row css=\u00a0\u00bb.vc_custom_1559588346246{padding-bottom: 30px !important;}\u00a0\u00bb][vc_column width=\u00a0\u00bb1\/2&Prime;][vc_separator align=\u00a0\u00bbalign_left\u00a0\u00bb][vc_column_text]Nous convenons tout d\u2019abord d\u2019un rendez-vous afin de faire connaissance. Lors de cet entretien personnel, nous discutons et d\u00e9terminons clairement vos besoins et vos objectifs. Ensuite et sur cette base, je vous soumets un devis comprenant les processus, les prestations, le calendrier et&hellip;","og_url":"https:\/\/www.inbusinessforyou.eu\/fr\/contact\/","og_site_name":"in business for you :: Michael Nels","article_modified_time":"2024-03-20T13:00:54+00:00","twitter_card":"summary_large_image","twitter_misc":{"Dur\u00e9e de lecture estim\u00e9e":"4 minutes"},"schema":{"@context":"https:\/\/schema.org","@graph":[{"@type":"WebPage","@id":"https:\/\/www.inbusinessforyou.eu\/fr\/contact\/","url":"https:\/\/www.inbusinessforyou.eu\/fr\/contact\/","name":"Contact - in business for you :: Michael Nels","isPartOf":{"@id":"https:\/\/www.inbusinessforyou.eu\/fr\/#website"},"datePublished":"2015-01-24T23:21:50+00:00","dateModified":"2024-03-20T13:00:54+00:00","breadcrumb":{"@id":"https:\/\/www.inbusinessforyou.eu\/fr\/contact\/#breadcrumb"},"inLanguage":"fr-FR","potentialAction":[{"@type":"ReadAction","target":["https:\/\/www.inbusinessforyou.eu\/fr\/contact\/"]}]},{"@type":"BreadcrumbList","@id":"https:\/\/www.inbusinessforyou.eu\/fr\/contact\/#breadcrumb","itemListElement":[{"@type":"ListItem","position":1,"name":"Startseite","item":"https:\/\/www.inbusinessforyou.eu\/fr\/"},{"@type":"ListItem","position":2,"name":"Contact"}]},{"@type":"WebSite","@id":"https:\/\/www.inbusinessforyou.eu\/fr\/#website","url":"https:\/\/www.inbusinessforyou.eu\/fr\/","name":"in business for you :: Michael Nels","description":"Interimsmanagement - Michael Nels - Hamburg","publisher":{"@id":"https:\/\/www.inbusinessforyou.eu\/fr\/#organization"},"potentialAction":[{"@type":"SearchAction","target":{"@type":"EntryPoint","urlTemplate":"https:\/\/www.inbusinessforyou.eu\/fr\/?s={search_term_string}"},"query-input":{"@type":"PropertyValueSpecification","valueRequired":true,"valueName":"search_term_string"}}],"inLanguage":"fr-FR"},{"@type":"Organization","@id":"https:\/\/www.inbusinessforyou.eu\/fr\/#organization","name":"in business for you :: Michael Nels","url":"https:\/\/www.inbusinessforyou.eu\/fr\/","logo":{"@type":"ImageObject","inLanguage":"fr-FR","@id":"https:\/\/www.inbusinessforyou.eu\/fr\/#\/schema\/logo\/image\/","url":"https:\/\/www.inbusinessforyou.eu\/wp-content\/uploads\/2019\/04\/Logo-iB4u.jpg","contentUrl":"https:\/\/www.inbusinessforyou.eu\/wp-content\/uploads\/2019\/04\/Logo-iB4u.jpg","width":983,"height":165,"caption":"in business for you :: Michael Nels"},"image":{"@id":"https:\/\/www.inbusinessforyou.eu\/fr\/#\/schema\/logo\/image\/"}}]}},"_links":{"self":[{"href":"https:\/\/www.inbusinessforyou.eu\/fr\/wp-json\/wp\/v2\/pages\/590","targetHints":{"allow":["GET"]}}],"collection":[{"href":"https:\/\/www.inbusinessforyou.eu\/fr\/wp-json\/wp\/v2\/pages"}],"about":[{"href":"https:\/\/www.inbusinessforyou.eu\/fr\/wp-json\/wp\/v2\/types\/page"}],"author":[{"embeddable":true,"href":"https:\/\/www.inbusinessforyou.eu\/fr\/wp-json\/wp\/v2\/users\/1"}],"replies":[{"embeddable":true,"href":"https:\/\/www.inbusinessforyou.eu\/fr\/wp-json\/wp\/v2\/comments?post=590"}],"version-history":[{"count":1,"href":"https:\/\/www.inbusinessforyou.eu\/fr\/wp-json\/wp\/v2\/pages\/590\/revisions"}],"predecessor-version":[{"id":1416,"href":"https:\/\/www.inbusinessforyou.eu\/fr\/wp-json\/wp\/v2\/pages\/590\/revisions\/1416"}],"wp:attachment":[{"href":"https:\/\/www.inbusinessforyou.eu\/fr\/wp-json\/wp\/v2\/media?parent=590"}],"curies":[{"name":"wp","href":"https:\/\/api.w.org\/{rel}","templated":true}]}}