{"id":926,"date":"2019-04-30T11:05:42","date_gmt":"2019-04-30T09:05:42","guid":{"rendered":"https:\/\/www.inbusinessforyou.eu\/impressum\/"},"modified":"2020-04-06T10:43:45","modified_gmt":"2020-04-06T08:43:45","slug":"mentions-legales","status":"publish","type":"page","link":"https:\/\/www.inbusinessforyou.eu\/fr\/mentions-legales\/","title":{"rendered":"Mentions l\u00e9gales"},"content":{"rendered":"<h3>\u00c9diteur et contact<\/h3>\n<p><strong>Donn\u00e9es selon le \u00a7 5 de la loi allemande sur les t\u00e9l\u00e9m\u00e9dias:<\/strong><\/p>\n<p>Michael Nels<br \/>\nin business for you.<br \/>\nBornm\u00fchlenweg 6<br \/>\n21031 Hambourg<\/p>\n<p>Allemagne<\/p>\n<p>N\u00b0 identifiant TVA: DE 264 173 452<\/p>\n<h3>Contact<\/h3>\n<p>T\u00e9l. +49-40-636 70 770<br \/>\nMobile +49-174-601 53 52<br \/>\nE-Mail Info [at] InBusinessForYou [dot] Eu<\/p>\n<p><strong>Responsable du contenu selon le \u00a7 55 de la loi allemande sur les RStV (Trait\u00e9 d\u2019Etat sur la radiodiffusion)<\/strong><\/p>\n<p>Michael Nels<\/p>\n<p><strong>Texte<\/strong><\/p>\n<p>Michael Nels<br \/>\nBeatrix Schmiedel, Intelligentes Marketing<\/p>\n<p><strong>Photos<\/strong><\/p>\n<p>Beatrice Hermann Photography, Hamburg<\/p>\n<p><strong>Webscreensdesign et Production<\/strong><\/p>\n<p>Ute Bender, addinteractive<\/p>\n<p><strong>Responsabilit\u00e9 relative aux contenus<\/strong><\/p>\n<p>En tant que fournisseur de services, et selon le \u00a7 7 article 1 de la loi allemande sur les t\u00e9l\u00e9m\u00e9dias, nous sommes responsables de tous les contenus des pages de ce site, selon les lois g\u00e9n\u00e9rales. D\u2019apr\u00e8s les \u00a7\u00a7 8 \u00e0 10 de la loi allemande sur les t\u00e9l\u00e9m\u00e9dias, nous ne sommes cependant pas tenus, en tant que fournisseur de services, de surveiller les informations transmises ou enregistr\u00e9es ou de faire des recherches sur les circonstances r\u00e9v\u00e9lant des activit\u00e9s illicites.<\/p>\n<p>Les obligations concernant la suppression ou le blocage de l\u2019utilisation d\u2019informations, selon les lois g\u00e9n\u00e9rales, ne sont pas affect\u00e9es par cette disposition. La responsabilit\u00e9 \u00e0 ce sujet n\u2019est toutefois possible qu\u2019\u00e0 compter du moment o\u00f9 la violation du droit est port\u00e9e \u00e0 notre connaissance. D\u00e8s que nous aurons \u00e9t\u00e9 inform\u00e9s de telles violations juridiques, nous retirerons imm\u00e9diatement les contenus concern\u00e9s.<\/p>\n<p><strong>Responsabilit\u00e9 relative aux liens hypertextes<\/strong><\/p>\n<p>Notre offre contient des liens vers des sites internet tiers avec des contenus, sur lesquels nous n\u2019avons aucune influence. Et pour cette raison, nous ne pouvons assumer aucune garantie sur le contenu de ces sites externes. Seul le fournisseur ou l\u2019h\u00e9bergeur de ces sites est responsable des contenus figurant sur les pages li\u00e9es. Les pages comportant un lien ont \u00e9t\u00e9 contr\u00f4l\u00e9es, au moment de la cr\u00e9ation du lien pour y d\u00e9celer d\u2019\u00e9ventuels contenus ill\u00e9gaux. Aucun contenu ill\u00e9gal n\u2019\u00e9tait reconnaissable au moment de la cr\u00e9ation du lien.<\/p>\n<p>Un contr\u00f4le permanent du contenu des pages en lien n\u2019est pas r\u00e9alisable, s\u2019il n\u2019existe pas un indice concret de violation. Nous nous engageons \u00e0 supprimer tout lien, dont nous aurions connaissance du caract\u00e8re ill\u00e9gal.<\/p>\n<p><strong>Droits d\u2019auteur<\/strong><\/p>\n<p>Les contenus et les \u0153uvres r\u00e9alis\u00e9s sur ces pages par les propri\u00e9taires du site sont prot\u00e9g\u00e9s par les droits d\u2019auteur allemands. La reproduction, le traitement, la diffusion et tout type d\u2019utilisation en dehors des limites des droits d\u2019auteur n\u00e9cessitent l\u2019autorisation pr\u00e9alable \u00e9crite de l\u2019auteur et\/ou du cr\u00e9ateur. Les t\u00e9l\u00e9chargements et photocopies de ces pages ne sont autoris\u00e9s que pour une utilisation priv\u00e9e non commerciale.<\/p>\n<p>Si les contenus propos\u00e9s sur ce site n\u2019ont pas \u00e9t\u00e9 r\u00e9alis\u00e9s par le propri\u00e9taire du site, les droits d\u2019auteur de tiers seront pris en compte. Les contenus de tiers seront notamment mis en \u00e9vidence de mani\u00e8re appropri\u00e9e. Nous vous prions n\u00e9anmoins de nous informer, si vous constatez une violation des droits d\u2019auteur. Nous nous engageons \u00e0 supprimer imm\u00e9diatement de tels contenus, d\u00e8s que nous aurions connaissance de leur caract\u00e8re ill\u00e9gal.<\/p>\n<p><strong>R\u00e9solution des litiges en ligne selon l\u2019article 14 \u00a7 1 ODR-VO<\/strong><\/p>\n<p>La commission europ\u00e9enne met \u00e0 disposition une plateforme de r\u00e9solution de litige en ligne que vous trouverez \u00e0 cette adresse <a href=\"http:\/\/ec.europa.eu\/consumers\/odr\/\">http:\/\/ec.europa.eu\/consumers\/odr\/<\/a><\/p>\n","protected":false},"excerpt":{"rendered":"<p>\u00c9diteur et contact Donn\u00e9es selon le \u00a7 5 de la loi allemande sur les t\u00e9l\u00e9m\u00e9dias: Michael Nels in business for you. Bornm\u00fchlenweg 6 21031 Hambourg Allemagne N\u00b0 identifiant TVA: DE 264 173 452 Contact T\u00e9l. +49-40-636 70 770 Mobile +49-174-601 53 52 E-Mail Info [at] InBusinessForYou [dot] Eu Responsable du contenu selon le \u00a7 55&hellip;<\/p>\n","protected":false},"author":1,"featured_media":0,"parent":0,"menu_order":0,"comment_status":"closed","ping_status":"closed","template":"","meta":{"footnotes":""},"class_list":["post-926","page","type-page","status-publish","hentry","entry","no-media"],"yoast_head":"<!-- This site is optimized with the Yoast SEO plugin v27.4 - https:\/\/yoast.com\/product\/yoast-seo-wordpress\/ -->\n<title>Mentions l\u00e9gales - in business for you :: Michael Nels<\/title>\n<meta name=\"robots\" content=\"index, follow, max-snippet:-1, max-image-preview:large, max-video-preview:-1\" \/>\n<link rel=\"canonical\" href=\"https:\/\/www.inbusinessforyou.eu\/fr\/mentions-legales\/\" \/>\n<meta property=\"og:locale\" content=\"fr_FR\" \/>\n<meta property=\"og:type\" content=\"article\" \/>\n<meta property=\"og:title\" content=\"Mentions l\u00e9gales - in business for you :: Michael Nels\" \/>\n<meta property=\"og:description\" content=\"\u00c9diteur et contact Donn\u00e9es selon le \u00a7 5 de la loi allemande sur les t\u00e9l\u00e9m\u00e9dias: Michael Nels in business for you. Bornm\u00fchlenweg 6 21031 Hambourg Allemagne N\u00b0 identifiant TVA: DE 264 173 452 Contact T\u00e9l. +49-40-636 70 770 Mobile +49-174-601 53 52 E-Mail Info [at] InBusinessForYou [dot] Eu Responsable du contenu selon le \u00a7 55&hellip;\" \/>\n<meta property=\"og:url\" content=\"https:\/\/www.inbusinessforyou.eu\/fr\/mentions-legales\/\" \/>\n<meta property=\"og:site_name\" content=\"in business for you :: Michael Nels\" \/>\n<meta property=\"article:modified_time\" content=\"2020-04-06T08:43:45+00:00\" \/>\n<meta name=\"twitter:card\" content=\"summary_large_image\" \/>\n<meta name=\"twitter:label1\" content=\"Dur\u00e9e de lecture estim\u00e9e\" \/>\n\t<meta name=\"twitter:data1\" content=\"3 minutes\" \/>\n<script type=\"application\/ld+json\" class=\"yoast-schema-graph\">{\"@context\":\"https:\\\/\\\/schema.org\",\"@graph\":[{\"@type\":\"WebPage\",\"@id\":\"https:\\\/\\\/www.inbusinessforyou.eu\\\/fr\\\/mentions-legales\\\/\",\"url\":\"https:\\\/\\\/www.inbusinessforyou.eu\\\/fr\\\/mentions-legales\\\/\",\"name\":\"Mentions l\u00e9gales - in business for you :: Michael Nels\",\"isPartOf\":{\"@id\":\"https:\\\/\\\/www.inbusinessforyou.eu\\\/fr\\\/#website\"},\"datePublished\":\"2019-04-30T09:05:42+00:00\",\"dateModified\":\"2020-04-06T08:43:45+00:00\",\"breadcrumb\":{\"@id\":\"https:\\\/\\\/www.inbusinessforyou.eu\\\/fr\\\/mentions-legales\\\/#breadcrumb\"},\"inLanguage\":\"fr-FR\",\"potentialAction\":[{\"@type\":\"ReadAction\",\"target\":[\"https:\\\/\\\/www.inbusinessforyou.eu\\\/fr\\\/mentions-legales\\\/\"]}]},{\"@type\":\"BreadcrumbList\",\"@id\":\"https:\\\/\\\/www.inbusinessforyou.eu\\\/fr\\\/mentions-legales\\\/#breadcrumb\",\"itemListElement\":[{\"@type\":\"ListItem\",\"position\":1,\"name\":\"Startseite\",\"item\":\"https:\\\/\\\/www.inbusinessforyou.eu\\\/fr\\\/\"},{\"@type\":\"ListItem\",\"position\":2,\"name\":\"Mentions l\u00e9gales\"}]},{\"@type\":\"WebSite\",\"@id\":\"https:\\\/\\\/www.inbusinessforyou.eu\\\/fr\\\/#website\",\"url\":\"https:\\\/\\\/www.inbusinessforyou.eu\\\/fr\\\/\",\"name\":\"in business for you :: Michael Nels\",\"description\":\"Interimsmanagement - Michael Nels - Hamburg\",\"publisher\":{\"@id\":\"https:\\\/\\\/www.inbusinessforyou.eu\\\/fr\\\/#organization\"},\"potentialAction\":[{\"@type\":\"SearchAction\",\"target\":{\"@type\":\"EntryPoint\",\"urlTemplate\":\"https:\\\/\\\/www.inbusinessforyou.eu\\\/fr\\\/?s={search_term_string}\"},\"query-input\":{\"@type\":\"PropertyValueSpecification\",\"valueRequired\":true,\"valueName\":\"search_term_string\"}}],\"inLanguage\":\"fr-FR\"},{\"@type\":\"Organization\",\"@id\":\"https:\\\/\\\/www.inbusinessforyou.eu\\\/fr\\\/#organization\",\"name\":\"in business for you :: Michael Nels\",\"url\":\"https:\\\/\\\/www.inbusinessforyou.eu\\\/fr\\\/\",\"logo\":{\"@type\":\"ImageObject\",\"inLanguage\":\"fr-FR\",\"@id\":\"https:\\\/\\\/www.inbusinessforyou.eu\\\/fr\\\/#\\\/schema\\\/logo\\\/image\\\/\",\"url\":\"https:\\\/\\\/www.inbusinessforyou.eu\\\/wp-content\\\/uploads\\\/2019\\\/04\\\/Logo-iB4u.jpg\",\"contentUrl\":\"https:\\\/\\\/www.inbusinessforyou.eu\\\/wp-content\\\/uploads\\\/2019\\\/04\\\/Logo-iB4u.jpg\",\"width\":983,\"height\":165,\"caption\":\"in business for you :: Michael Nels\"},\"image\":{\"@id\":\"https:\\\/\\\/www.inbusinessforyou.eu\\\/fr\\\/#\\\/schema\\\/logo\\\/image\\\/\"}}]}<\/script>\n<!-- \/ Yoast SEO plugin. -->","yoast_head_json":{"title":"Mentions l\u00e9gales - in business for you :: Michael Nels","robots":{"index":"index","follow":"follow","max-snippet":"max-snippet:-1","max-image-preview":"max-image-preview:large","max-video-preview":"max-video-preview:-1"},"canonical":"https:\/\/www.inbusinessforyou.eu\/fr\/mentions-legales\/","og_locale":"fr_FR","og_type":"article","og_title":"Mentions l\u00e9gales - in business for you :: Michael Nels","og_description":"\u00c9diteur et contact Donn\u00e9es selon le \u00a7 5 de la loi allemande sur les t\u00e9l\u00e9m\u00e9dias: Michael Nels in business for you. Bornm\u00fchlenweg 6 21031 Hambourg Allemagne N\u00b0 identifiant TVA: DE 264 173 452 Contact T\u00e9l. +49-40-636 70 770 Mobile +49-174-601 53 52 E-Mail Info [at] InBusinessForYou [dot] Eu Responsable du contenu selon le \u00a7 55&hellip;","og_url":"https:\/\/www.inbusinessforyou.eu\/fr\/mentions-legales\/","og_site_name":"in business for you :: Michael Nels","article_modified_time":"2020-04-06T08:43:45+00:00","twitter_card":"summary_large_image","twitter_misc":{"Dur\u00e9e de lecture estim\u00e9e":"3 minutes"},"schema":{"@context":"https:\/\/schema.org","@graph":[{"@type":"WebPage","@id":"https:\/\/www.inbusinessforyou.eu\/fr\/mentions-legales\/","url":"https:\/\/www.inbusinessforyou.eu\/fr\/mentions-legales\/","name":"Mentions l\u00e9gales - in business for you :: Michael Nels","isPartOf":{"@id":"https:\/\/www.inbusinessforyou.eu\/fr\/#website"},"datePublished":"2019-04-30T09:05:42+00:00","dateModified":"2020-04-06T08:43:45+00:00","breadcrumb":{"@id":"https:\/\/www.inbusinessforyou.eu\/fr\/mentions-legales\/#breadcrumb"},"inLanguage":"fr-FR","potentialAction":[{"@type":"ReadAction","target":["https:\/\/www.inbusinessforyou.eu\/fr\/mentions-legales\/"]}]},{"@type":"BreadcrumbList","@id":"https:\/\/www.inbusinessforyou.eu\/fr\/mentions-legales\/#breadcrumb","itemListElement":[{"@type":"ListItem","position":1,"name":"Startseite","item":"https:\/\/www.inbusinessforyou.eu\/fr\/"},{"@type":"ListItem","position":2,"name":"Mentions l\u00e9gales"}]},{"@type":"WebSite","@id":"https:\/\/www.inbusinessforyou.eu\/fr\/#website","url":"https:\/\/www.inbusinessforyou.eu\/fr\/","name":"in business for you :: Michael Nels","description":"Interimsmanagement - Michael Nels - Hamburg","publisher":{"@id":"https:\/\/www.inbusinessforyou.eu\/fr\/#organization"},"potentialAction":[{"@type":"SearchAction","target":{"@type":"EntryPoint","urlTemplate":"https:\/\/www.inbusinessforyou.eu\/fr\/?s={search_term_string}"},"query-input":{"@type":"PropertyValueSpecification","valueRequired":true,"valueName":"search_term_string"}}],"inLanguage":"fr-FR"},{"@type":"Organization","@id":"https:\/\/www.inbusinessforyou.eu\/fr\/#organization","name":"in business for you :: Michael Nels","url":"https:\/\/www.inbusinessforyou.eu\/fr\/","logo":{"@type":"ImageObject","inLanguage":"fr-FR","@id":"https:\/\/www.inbusinessforyou.eu\/fr\/#\/schema\/logo\/image\/","url":"https:\/\/www.inbusinessforyou.eu\/wp-content\/uploads\/2019\/04\/Logo-iB4u.jpg","contentUrl":"https:\/\/www.inbusinessforyou.eu\/wp-content\/uploads\/2019\/04\/Logo-iB4u.jpg","width":983,"height":165,"caption":"in business for you :: Michael Nels"},"image":{"@id":"https:\/\/www.inbusinessforyou.eu\/fr\/#\/schema\/logo\/image\/"}}]}},"_links":{"self":[{"href":"https:\/\/www.inbusinessforyou.eu\/fr\/wp-json\/wp\/v2\/pages\/926","targetHints":{"allow":["GET"]}}],"collection":[{"href":"https:\/\/www.inbusinessforyou.eu\/fr\/wp-json\/wp\/v2\/pages"}],"about":[{"href":"https:\/\/www.inbusinessforyou.eu\/fr\/wp-json\/wp\/v2\/types\/page"}],"author":[{"embeddable":true,"href":"https:\/\/www.inbusinessforyou.eu\/fr\/wp-json\/wp\/v2\/users\/1"}],"replies":[{"embeddable":true,"href":"https:\/\/www.inbusinessforyou.eu\/fr\/wp-json\/wp\/v2\/comments?post=926"}],"version-history":[{"count":0,"href":"https:\/\/www.inbusinessforyou.eu\/fr\/wp-json\/wp\/v2\/pages\/926\/revisions"}],"wp:attachment":[{"href":"https:\/\/www.inbusinessforyou.eu\/fr\/wp-json\/wp\/v2\/media?parent=926"}],"curies":[{"name":"wp","href":"https:\/\/api.w.org\/{rel}","templated":true}]}}