{"id":930,"date":"2019-04-26T11:22:46","date_gmt":"2019-04-26T09:22:46","guid":{"rendered":"https:\/\/www.inbusinessforyou.eu\/interimsgeschaeftsfuehrer\/"},"modified":"2020-04-07T13:51:41","modified_gmt":"2020-04-07T11:51:41","slug":"mes-domaines-dactivite","status":"publish","type":"page","link":"https:\/\/www.inbusinessforyou.eu\/fr\/mes-domaines-dactivite\/","title":{"rendered":"Mes domaines d\u2019activit\u00e9"},"content":{"rendered":"<div class=\"wpb-content-wrapper\">[vc_row full_width=\u00a0\u00bbstretch_row_content\u00a0\u00bb css=\u00a0\u00bb.vc_custom_1586176569392{margin-top: -140px !important;}\u00a0\u00bb][vc_column][vc_single_image image=\u00a0\u00bb1039&Prime; img_size=\u00a0\u00bb293&#215;141&Prime; alignment=\u00a0\u00bbright\u00a0\u00bb][\/vc_column][\/vc_row][vc_row css=\u00a0\u00bb.vc_custom_1559592930984{padding-bottom: 30px !important;}\u00a0\u00bb local_scroll_id=\u00a0\u00bbgeschaeftsfuehrung\u00a0\u00bb][vc_column width=\u00a0\u00bb1\/2&Prime;]<style>.vcex-heading.vcex_69eb9874d9d67{color:#003366;font-size:28px;font-weight:300;}<\/style><div class=\"vcex-heading vcex-heading-plain vcex-module wpex-heading wpex-text-2xl wpex-div vcex_69eb9874d9d67\"><span class=\"vcex-heading-inner wpex-inline-block\">Management par transition et direction g\u00e9n\u00e9rale<\/span><\/div>[vc_separator align=\u00a0\u00bbalign_left\u00a0\u00bb][\/vc_column][vc_column width=\u00a0\u00bb1\/2&Prime;]<div class=\"vcex-spacing wpex-w-100 wpex-clear hidden-phone\"><\/div>[vc_column_text]<strong>Retrouver dynamisme et s\u00e9r\u00e9nit\u00e9 gr\u00e2ce \u00e0 un directeur g\u00e9n\u00e9ral de transition<\/strong><\/p>\n<p>Sur des march\u00e9s dynamiques, la capacit\u00e9 \u00e0 man\u0153uvrer de mani\u00e8re pr\u00e9cise en toute situation est essentielle \u00e0 la r\u00e9ussite de tout projet. Mais parfois, il manque \u00e0 l\u2019\u00e9quipe le v\u00e9ritable sparring-partner ou bien le leader apte \u00e0 agir efficacement dans l\u2019optique d\u2019objectifs ambitieux. En tant que directeur g\u00e9n\u00e9ral de transition, je mets \u00e0 votre disposition mes nombreuses ann\u00e9es d\u2019exp\u00e9rience de management, afin de diriger vos \u00e9quipes vers la r\u00e9ussite et de contribuer \u00e0 ce que vos projets et vos missions soient men\u00e9s \u00e0 bien. La direction g\u00e9n\u00e9rale par transition signifie pour moi une d\u00e9marche dynamique, durant laquelle je prends les commandes et m\u00eame en cas de risque, j\u2019am\u00e8ne votre entreprise sereinement vers ses prochains objectifs.<\/p>\n[\/vc_column_text][\/vc_column][\/vc_row][vc_row full_width=\u00a0\u00bbstretch_row\u00a0\u00bb css=\u00a0\u00bb.vc_custom_1556625150113{padding-top: 70px !important;padding-bottom: 30px !important;background-color: #efeae5 !important;}\u00a0\u00bb local_scroll_id=\u00a0\u00bbvertrieb\u00a0\u00bb][vc_column width=\u00a0\u00bb1\/2&Prime;]<style>.vcex-heading.vcex_69eb9874daab4{color:#003366;font-size:28px;font-weight:300;}<\/style><div class=\"vcex-heading vcex-heading-plain vcex-module wpex-heading wpex-text-2xl wpex-div vcex_69eb9874daab4\"><span class=\"vcex-heading-inner wpex-inline-block\">Management par transition - Vente<\/span><\/div>[vc_separator align=\u00a0\u00bbalign_left\u00a0\u00bb]<div class=\"vcex-spacing wpex-w-100 wpex-clear\"><\/div>[vc_column_text]<strong>Diriger votre \u00e9quipe commerciale avec une orientation pr\u00e9cise <\/strong><\/p>\n<p>Lorsque la vente de vos produits ou de vos services ne d\u00e9marre pas aussi fort que pr\u00e9vu ou ne correspond pas au potentiel des produits ou \u00e0 vos esp\u00e9rances, alors vous devez faire appel \u00e0 un partenaire comp\u00e9tent, dont le regard ext\u00e9rieur sera b\u00e9n\u00e9fique tout en restant \u00e0 pied d\u2019\u00e9galit\u00e9. En tant que directeur commercial, je dirige vos \u00e9quipes, en tant que Key Account Manager vos clients, afin de dynamiser les ventes et m\u2019adresser efficacement \u00e0 votre groupe cible. En tant que manager par transition, je me concentre sur vos objectifs et me consacre au chiffre d\u2019affaires de vos produits et services.<br \/>\n[\/vc_column_text][\/vc_column][vc_column width=\u00a0\u00bb1\/2&Prime;][vc_single_image image=\u00a0\u00bb981&Prime;][\/vc_column][\/vc_row][vc_row css=\u00a0\u00bb.vc_custom_1556625163470{padding-top: 70px !important;padding-bottom: 30px !important;}\u00a0\u00bb local_scroll_id=\u00a0\u00bbmarketing\u00a0\u00bb][vc_column width=\u00a0\u00bb1\/2&Prime;]<style>.vcex-heading.vcex_69eb9874db31d{color:#003366;font-size:28px;font-weight:300;}<\/style><div class=\"vcex-heading vcex-heading-plain vcex-module wpex-heading wpex-text-2xl wpex-div vcex_69eb9874db31d\"><span class=\"vcex-heading-inner wpex-inline-block\">Management par transition - Marketing<\/span><\/div>[vc_separator align=\u00a0\u00bbalign_left\u00a0\u00bb][\/vc_column][vc_column width=\u00a0\u00bb1\/2&Prime;]<div class=\"vcex-spacing wpex-w-100 wpex-clear hidden-phone\"><\/div>[vc_column_text]<strong>D\u00e9finir clairement les objectifs, mettre en place des strat\u00e9gies et en \u0153uvre des mesures pertinentes <\/strong><\/p>\n<p>Fais du bon travail et fais le savoir, voici un proverbe essentiel pour le succ\u00e8s de vos produits et de vos services. Car une fois que l\u2019innovation, la communication, le positionnement ainsi que la conception du produit et la pr\u00e9sentation de l\u2019assortiment ont \u00e9t\u00e9 d\u00e9finis, les param\u00e8tres importants ont \u00e9t\u00e9 r\u00e9unis afin de permettre une commercialisation r\u00e9ussie de votre produit. Gr\u00e2ce \u00e0 mes comp\u00e9tences en management et mon exp\u00e9rience manag\u00e9riale de situations cruciales, je comprends parfaitement votre position. Je d\u00e9finis avec vous vos objectifs pr\u00e9cis, d\u00e9veloppe les strat\u00e9gies et projets en cons\u00e9quence et met en \u0153uvre les mesures solides n\u00e9cessaires qui contribueront \u00e0 une am\u00e9lioration cons\u00e9quente de votre chiffre d\u2019affaires et de la valeur ajout\u00e9e de vos produits et services. J\u2019optimise le mix marketing, adapte votre portefeuille produit aux besoins de vos clients, je dynamise la communication, j\u2019effectue un positionnement correct des prix en fonction du march\u00e9 et apporte \u00e0 la vente le soutien n\u00e9cessaire.<br \/>\n[\/vc_column_text][\/vc_column][\/vc_row][vc_row full_width=\u00a0\u00bbstretch_row\u00a0\u00bb css=\u00a0\u00bb.vc_custom_1556625174411{padding-top: 70px !important;padding-bottom: 30px !important;background-color: #efeae5 !important;}\u00a0\u00bb local_scroll_id=\u00a0\u00bbinnovation\u00a0\u00bb][vc_column width=\u00a0\u00bb1\/2&Prime;][vc_single_image image=\u00a0\u00bb949&Prime;][\/vc_column][vc_column width=\u00a0\u00bb1\/2&Prime;]<style>.vcex-heading.vcex_69eb9874dbd28{color:#003366;font-size:28px;font-weight:300;}<\/style><div class=\"vcex-heading vcex-heading-plain vcex-module wpex-heading wpex-text-2xl wpex-div vcex_69eb9874dbd28\"><span class=\"vcex-heading-inner wpex-inline-block\">Management d\u2019innovation<\/span><\/div>[vc_separator align=\u00a0\u00bbalign_left\u00a0\u00bb]<div class=\"vcex-spacing wpex-w-100 wpex-clear\"><\/div>[vc_column_text]<strong>Travailler en continu sur vos innovations<\/strong><\/p>\n<p>Les besoins du march\u00e9 et de vos clients en mati\u00e8re de performance de produits et services \u00e9voluent constamment, les exigences augmentent. Ne seront performants encore demain que ceux qui ont les r\u00e9ponses et les solutions \u00e0 ces attentes. Lorsque je parle de r\u00e9flexion nouvelle, je pense \u00e0 des r\u00e9flexions innovantes dans tous les domaines de votre entreprise! C\u2019est ce en quoi je crois. Avec des m\u00e9thodes qui ont fait leurs preuves, des processus et des exp\u00e9riences r\u00e9ussis, je transforme les id\u00e9es de demain en mesures efficaces et vous accompagne dans la construction future de votre entreprise.<br \/>\n[\/vc_column_text][\/vc_column][\/vc_row][vc_row css=\u00a0\u00bb.vc_custom_1557216814135{padding-top: 70px !important;padding-bottom: 30px !important;}\u00a0\u00bb local_scroll_id=\u00a0\u00bbsanierung\u00a0\u00bb][vc_column width=\u00a0\u00bb1\/2&Prime;]<style>.vcex-heading.vcex_69eb9874dc62e{color:#003366;font-size:28px;font-weight:300;}<\/style><div class=\"vcex-heading vcex-heading-plain vcex-module wpex-heading wpex-text-2xl wpex-div vcex_69eb9874dc62e\"><span class=\"vcex-heading-inner wpex-inline-block\">Management de transition - Restructuration et redressement d\u2019entreprise<\/span><\/div>[vc_separator align=\u00a0\u00bbalign_left\u00a0\u00bb][\/vc_column][vc_column width=\u00a0\u00bb1\/2&Prime;]<div class=\"vcex-spacing wpex-w-100 wpex-clear hidden-phone\"><\/div>[vc_column_text]<strong>Surmonter des crises et maintenir le cap<\/strong><\/p>\n<p>Lorsque des structures existantes se heurtent \u00e0 leur limite de performance ou bien des entreprises ou des secteurs d\u2019entreprise se retrouvent menac\u00e9s et \u00eatre d\u00e9stabilis\u00e9s dans une zone de turbulences, il faut appeler \u00e0 l\u2019aide. Gr\u00e2ce \u00e0 mes comp\u00e9tences en gestion de crise, \u00e0 la s\u00e9r\u00e9nit\u00e9 acquise avec l\u2019exp\u00e9rience et l\u2019utilisation appropri\u00e9e des ressources existantes, je suis capable, \u00e0 l\u2019aide de mesures de restructuration et de redressement de remettre sur pied votre entreprise. En tant que manager de transition, j\u2019ai l\u2019habitude de prendre les commandes, lorsque la situation devient critique. Je connais bien les situations difficiles et j\u2019aime passionn\u00e9ment redresser les entreprises, les remettre sur le bon chemin et les accompagner vers la croissance.<br \/>\n[\/vc_column_text][\/vc_column][\/vc_row][vc_row full_width=\u00a0\u00bbstretch_row\u00a0\u00bb css=\u00a0\u00bb.vc_custom_1556625194934{padding-top: 70px !important;padding-bottom: 30px !important;background-color: #efeae5 !important;}\u00a0\u00bb local_scroll_id=\u00a0\u00bbberatung\u00a0\u00bb][vc_column width=\u00a0\u00bb1\/2&Prime;]<style>.vcex-heading.vcex_69eb9874dce76{color:#003366;font-size:28px;font-weight:300;}<\/style><div class=\"vcex-heading vcex-heading-plain vcex-module wpex-heading wpex-text-2xl wpex-div vcex_69eb9874dce76\"><span class=\"vcex-heading-inner wpex-inline-block\">Conseil en entreprise<\/span><\/div>[vc_separator align=\u00a0\u00bbalign_left\u00a0\u00bb]<div class=\"vcex-spacing wpex-w-100 wpex-clear\"><\/div>[vc_column_text]<strong>Cr\u00e9er des perspectives et poursuivre le d\u00e9veloppement de l\u2019entreprise <\/strong><\/p>\n<p>Je me consid\u00e8re comme \u00e9tant votre consultant et en quelque sorte votre sparring partner d\u2019\u00e9gal \u00e0 \u00e9gal et qui reste concentr\u00e9 sur le d\u00e9veloppement de votre entreprise. L\u2019efficacit\u00e9 du conseil d\u00e9pend des connaissances du march\u00e9 et des diff\u00e9rents niveaux, sur lesquels pourra se construire la valeur ajout\u00e9e de votre entreprise. Je suis le sp\u00e9cialiste du d\u00e9veloppement individuel d\u2019entreprise, j\u2019ai une grande facult\u00e9 de cerner rapidement la situation, je nomme les probl\u00e8mes par leur nom et d\u00e9veloppe avec vous des perspectives concr\u00e8tes et r\u00e9alistes qui tireront votre entreprise vers la croissance. [\/vc_column_text][\/vc_column][vc_column width=\u00a0\u00bb1\/2&Prime;][vc_single_image image=\u00a0\u00bb1048&Prime;][\/vc_column][\/vc_row][vc_row css=\u00a0\u00bb.vc_custom_1556625205542{padding-top: 70px !important;padding-bottom: 30px !important;}\u00a0\u00bb local_scroll_id=\u00a0\u00bboptimierung\u00a0\u00bb][vc_column width=\u00a0\u00bb1\/2&Prime;]<style>.vcex-heading.vcex_69eb9874dd735{color:#003366;font-size:28px;font-weight:300;}<\/style><div class=\"vcex-heading vcex-heading-plain vcex-module wpex-heading wpex-text-2xl wpex-div vcex_69eb9874dd735\"><span class=\"vcex-heading-inner wpex-inline-block\">Conseil en optimisation de co\u00fbts et de processus<\/span><\/div>[vc_separator align=\u00a0\u00bbalign_left\u00a0\u00bb][\/vc_column][vc_column width=\u00a0\u00bb1\/2&Prime;]<div class=\"vcex-spacing wpex-w-100 wpex-clear hidden-phone\" style=\"height:60px;\"><\/div>[vc_column_text]<strong>Conseil en optimisation de co\u00fbts et de processus <\/strong><\/p>\n<p>Optimiser les co\u00fbts, dans le but d\u2019exploiter de nouvelles marges d\u2019action<br \/>\nDe v\u00e9ritables avantages concurrentiels ne s\u2019obtiennent que si l\u2019on ma\u00eetrise la mani\u00e8re la plus rentable d\u2019y parvenir. Et comme je sais qu\u2019il est difficile de quitter ses sch\u00e9mas habituels, je m\u2019appuis sur des ann\u00e9es d\u2019exp\u00e9rience, mes connaissances des diff\u00e9rentes m\u00e9thodes de retour \u00e0 la rentabilit\u00e9, afin de vous guider vers l\u2019optimisation de vos co\u00fbts et de vos processus de gestion. Dans le domaine de l\u2019optimisation des co\u00fbts, je collabore avec le leader du march\u00e9 EXPENSE REDUCTION ANALYSTS, nous nous concentrons en particulier sur l\u2019am\u00e9lioration de la comp\u00e9titivit\u00e9 des PME. Mon r\u00f4le est de vous aider \u00e0 r\u00e9duire les co\u00fbts et gr\u00e2ce \u00e0 des processus optimis\u00e9s \u00e0 oser faire preuve d\u2019innovation. EXPENSE REDUCTION ANALYSTS se distingue par la confiance que lui ont accord\u00e9 ces 25 derni\u00e8res ann\u00e9es, plus de 2500 clients que nos partenaires et moi avons conseill\u00e9s et accompagn\u00e9s dans des projets d\u2019optimisation de co\u00fbts et de processus. Cette grande exp\u00e9rience acquise au sein d\u2019une organisation internationale me permet de vous conseiller en agissant pour vous dans une optique de r\u00e9sultats et de r\u00e9mun\u00e9ration.<br \/>\nVous obtiendrez plus d\u2019informations sur\u00a0<a href=\"http:\/\/www.expensereduction.eu\/fr\"><u>www.expensereduction.eu\/fr<\/u><\/a>[\/vc_column_text][\/vc_column][\/vc_row][vc_row full_width=\u00a0\u00bbstretch_row\u00a0\u00bb css=\u00a0\u00bb.vc_custom_1556866055676{padding-top: 80px !important;padding-bottom: 100px !important;background-image: url(https:\/\/www.inbusinessforyou.eu\/wp-content\/uploads\/2019\/05\/nels-slider19.jpg?id=363) !important;background-position: center !important;background-repeat: no-repeat !important;background-size: cover !important;}\u00a0\u00bb][vc_column width=\u00a0\u00bb1\/2&Prime;][vc_column_text font_size=\u00a0\u00bb22px\u00a0\u00bb color=\u00a0\u00bb#003366&Prime; css=\u00a0\u00bb.vc_custom_1586169169064{padding-top: 30px !important;padding-right: 30px !important;padding-bottom: 30px !important;padding-left: 30px !important;}\u00a0\u00bb]INFORMATIONS SUR MA PERSONNE[\/vc_column_text][vc_column_text font_size=\u00a0\u00bb36px\u00a0\u00bb color=\u00a0\u00bb#ffffff\u00a0\u00bb css=\u00a0\u00bb.vc_custom_1556519197751{padding: 30px !important;background-color: #003366 !important;}\u00a0\u00bb]Michael Nels[\/vc_column_text][vc_column_text font_size=\u00a0\u00bb18px\u00a0\u00bb color=\u00a0\u00bb#ffffff\u00a0\u00bb css=\u00a0\u00bb.vc_custom_1583319155003{padding-right: 30px !important;padding-bottom: 30px !important;padding-left: 30px !important;background-color: #003366 !important;}\u00a0\u00bb]Je suis expert en commerce et en marketing pour les march\u00e9s allemand et europ\u00e9en et j\u2019ai \u00e0 mon actif de nombreuses ann\u00e9es d\u2019exp\u00e9rience de produits de marques de la grande consommation et depuis 23 ans au niveau de la direction g\u00e9n\u00e9rale.<br \/>\nEn tant que sp\u00e9cialiste de la vente performante, de la commercialisation cr\u00e9ative, du management d\u2019innovation durable, ainsi que de la gestion efficace des co\u00fbts dans l\u2019optique d\u2019une croissance profitable, j\u2019aime autant le d\u00e9fi d\u2019agir comme consultant avec un regard ext\u00e9rieur tout comme l\u2019action dans le management de transition \u00e0 l\u2019int\u00e9rieur de l\u2019entreprise. Et chaque jour, c\u2019est ce d\u00e9fi positif, en tant que dirigeant d\u2019\u00e9quipes interdisciplinaires associant les personnes, les strat\u00e9gies et la gestion des co\u00fbts vers la r\u00e9ussite qui me motive.<br \/>\n[\/vc_column_text][\/vc_column][vc_column width=\u00a0\u00bb1\/2&Prime;][\/vc_column][\/vc_row]\n<\/div>","protected":false},"excerpt":{"rendered":"<p>[vc_row full_width=\u00a0\u00bbstretch_row_content\u00a0\u00bb css=\u00a0\u00bb.vc_custom_1586176569392{margin-top: -140px !important;}\u00a0\u00bb][vc_column][vc_single_image image=\u00a0\u00bb1039&Prime; img_size=\u00a0\u00bb293&#215;141&Prime; alignment=\u00a0\u00bbright\u00a0\u00bb][\/vc_column][\/vc_row][vc_row css=\u00a0\u00bb.vc_custom_1559592930984{padding-bottom: 30px !important;}\u00a0\u00bb local_scroll_id=\u00a0\u00bbgeschaeftsfuehrung\u00a0\u00bb][vc_column width=\u00a0\u00bb1\/2&Prime;][vc_separator align=\u00a0\u00bbalign_left\u00a0\u00bb][\/vc_column][vc_column width=\u00a0\u00bb1\/2&Prime;][vc_column_text]Retrouver dynamisme et s\u00e9r\u00e9nit\u00e9 gr\u00e2ce \u00e0 un directeur g\u00e9n\u00e9ral de transition Sur des march\u00e9s dynamiques, la capacit\u00e9 \u00e0 man\u0153uvrer de mani\u00e8re pr\u00e9cise en toute situation est essentielle \u00e0 la r\u00e9ussite de tout projet. Mais parfois, il manque \u00e0 l\u2019\u00e9quipe le v\u00e9ritable&hellip;<\/p>\n","protected":false},"author":1,"featured_media":0,"parent":0,"menu_order":0,"comment_status":"closed","ping_status":"open","template":"","meta":{"footnotes":""},"class_list":["post-930","page","type-page","status-publish","hentry","entry","no-media"],"yoast_head":"<!-- This site is optimized with the Yoast SEO plugin v27.4 - https:\/\/yoast.com\/product\/yoast-seo-wordpress\/ -->\n<title>Mes domaines d\u2019activit\u00e9 - in business for you :: Michael Nels<\/title>\n<meta name=\"robots\" content=\"index, follow, max-snippet:-1, max-image-preview:large, max-video-preview:-1\" \/>\n<link rel=\"canonical\" href=\"https:\/\/www.inbusinessforyou.eu\/fr\/mes-domaines-dactivite\/\" \/>\n<meta property=\"og:locale\" content=\"fr_FR\" \/>\n<meta property=\"og:type\" content=\"article\" \/>\n<meta property=\"og:title\" content=\"Mes domaines d\u2019activit\u00e9 - in business for you :: Michael Nels\" \/>\n<meta property=\"og:description\" content=\"[vc_row full_width=\u00a0\u00bbstretch_row_content\u00a0\u00bb css=\u00a0\u00bb.vc_custom_1586176569392{margin-top: -140px !important;}\u00a0\u00bb][vc_column][vc_single_image image=\u00a0\u00bb1039&Prime; img_size=\u00a0\u00bb293&#215;141&Prime; alignment=\u00a0\u00bbright\u00a0\u00bb][\/vc_column][\/vc_row][vc_row css=\u00a0\u00bb.vc_custom_1559592930984{padding-bottom: 30px !important;}\u00a0\u00bb local_scroll_id=\u00a0\u00bbgeschaeftsfuehrung\u00a0\u00bb][vc_column width=\u00a0\u00bb1\/2&Prime;][vc_separator align=\u00a0\u00bbalign_left\u00a0\u00bb][\/vc_column][vc_column width=\u00a0\u00bb1\/2&Prime;][vc_column_text]Retrouver dynamisme et s\u00e9r\u00e9nit\u00e9 gr\u00e2ce \u00e0 un directeur g\u00e9n\u00e9ral de transition Sur des march\u00e9s dynamiques, la capacit\u00e9 \u00e0 man\u0153uvrer de mani\u00e8re pr\u00e9cise en toute situation est essentielle \u00e0 la r\u00e9ussite de tout projet. Mais parfois, il manque \u00e0 l\u2019\u00e9quipe le v\u00e9ritable&hellip;\" \/>\n<meta property=\"og:url\" content=\"https:\/\/www.inbusinessforyou.eu\/fr\/mes-domaines-dactivite\/\" \/>\n<meta property=\"og:site_name\" content=\"in business for you :: Michael Nels\" \/>\n<meta property=\"article:modified_time\" content=\"2020-04-07T11:51:41+00:00\" \/>\n<meta name=\"twitter:card\" content=\"summary_large_image\" \/>\n<meta name=\"twitter:label1\" content=\"Dur\u00e9e de lecture estim\u00e9e\" \/>\n\t<meta name=\"twitter:data1\" content=\"9 minutes\" \/>\n<script type=\"application\/ld+json\" class=\"yoast-schema-graph\">{\"@context\":\"https:\\\/\\\/schema.org\",\"@graph\":[{\"@type\":\"WebPage\",\"@id\":\"https:\\\/\\\/www.inbusinessforyou.eu\\\/fr\\\/mes-domaines-dactivite\\\/\",\"url\":\"https:\\\/\\\/www.inbusinessforyou.eu\\\/fr\\\/mes-domaines-dactivite\\\/\",\"name\":\"Mes domaines d\u2019activit\u00e9 - in business for you :: Michael Nels\",\"isPartOf\":{\"@id\":\"https:\\\/\\\/www.inbusinessforyou.eu\\\/fr\\\/#website\"},\"datePublished\":\"2019-04-26T09:22:46+00:00\",\"dateModified\":\"2020-04-07T11:51:41+00:00\",\"breadcrumb\":{\"@id\":\"https:\\\/\\\/www.inbusinessforyou.eu\\\/fr\\\/mes-domaines-dactivite\\\/#breadcrumb\"},\"inLanguage\":\"fr-FR\",\"potentialAction\":[{\"@type\":\"ReadAction\",\"target\":[\"https:\\\/\\\/www.inbusinessforyou.eu\\\/fr\\\/mes-domaines-dactivite\\\/\"]}]},{\"@type\":\"BreadcrumbList\",\"@id\":\"https:\\\/\\\/www.inbusinessforyou.eu\\\/fr\\\/mes-domaines-dactivite\\\/#breadcrumb\",\"itemListElement\":[{\"@type\":\"ListItem\",\"position\":1,\"name\":\"Startseite\",\"item\":\"https:\\\/\\\/www.inbusinessforyou.eu\\\/fr\\\/\"},{\"@type\":\"ListItem\",\"position\":2,\"name\":\"Mes domaines d\u2019activit\u00e9\"}]},{\"@type\":\"WebSite\",\"@id\":\"https:\\\/\\\/www.inbusinessforyou.eu\\\/fr\\\/#website\",\"url\":\"https:\\\/\\\/www.inbusinessforyou.eu\\\/fr\\\/\",\"name\":\"in business for you :: Michael Nels\",\"description\":\"Interimsmanagement - Michael Nels - Hamburg\",\"publisher\":{\"@id\":\"https:\\\/\\\/www.inbusinessforyou.eu\\\/fr\\\/#organization\"},\"potentialAction\":[{\"@type\":\"SearchAction\",\"target\":{\"@type\":\"EntryPoint\",\"urlTemplate\":\"https:\\\/\\\/www.inbusinessforyou.eu\\\/fr\\\/?s={search_term_string}\"},\"query-input\":{\"@type\":\"PropertyValueSpecification\",\"valueRequired\":true,\"valueName\":\"search_term_string\"}}],\"inLanguage\":\"fr-FR\"},{\"@type\":\"Organization\",\"@id\":\"https:\\\/\\\/www.inbusinessforyou.eu\\\/fr\\\/#organization\",\"name\":\"in business for you :: Michael Nels\",\"url\":\"https:\\\/\\\/www.inbusinessforyou.eu\\\/fr\\\/\",\"logo\":{\"@type\":\"ImageObject\",\"inLanguage\":\"fr-FR\",\"@id\":\"https:\\\/\\\/www.inbusinessforyou.eu\\\/fr\\\/#\\\/schema\\\/logo\\\/image\\\/\",\"url\":\"https:\\\/\\\/www.inbusinessforyou.eu\\\/wp-content\\\/uploads\\\/2019\\\/04\\\/Logo-iB4u.jpg\",\"contentUrl\":\"https:\\\/\\\/www.inbusinessforyou.eu\\\/wp-content\\\/uploads\\\/2019\\\/04\\\/Logo-iB4u.jpg\",\"width\":983,\"height\":165,\"caption\":\"in business for you :: Michael Nels\"},\"image\":{\"@id\":\"https:\\\/\\\/www.inbusinessforyou.eu\\\/fr\\\/#\\\/schema\\\/logo\\\/image\\\/\"}}]}<\/script>\n<!-- \/ Yoast SEO plugin. -->","yoast_head_json":{"title":"Mes domaines d\u2019activit\u00e9 - in business for you :: Michael Nels","robots":{"index":"index","follow":"follow","max-snippet":"max-snippet:-1","max-image-preview":"max-image-preview:large","max-video-preview":"max-video-preview:-1"},"canonical":"https:\/\/www.inbusinessforyou.eu\/fr\/mes-domaines-dactivite\/","og_locale":"fr_FR","og_type":"article","og_title":"Mes domaines d\u2019activit\u00e9 - in business for you :: Michael Nels","og_description":"[vc_row full_width=\u00a0\u00bbstretch_row_content\u00a0\u00bb css=\u00a0\u00bb.vc_custom_1586176569392{margin-top: -140px !important;}\u00a0\u00bb][vc_column][vc_single_image image=\u00a0\u00bb1039&Prime; img_size=\u00a0\u00bb293&#215;141&Prime; alignment=\u00a0\u00bbright\u00a0\u00bb][\/vc_column][\/vc_row][vc_row css=\u00a0\u00bb.vc_custom_1559592930984{padding-bottom: 30px !important;}\u00a0\u00bb local_scroll_id=\u00a0\u00bbgeschaeftsfuehrung\u00a0\u00bb][vc_column width=\u00a0\u00bb1\/2&Prime;][vc_separator align=\u00a0\u00bbalign_left\u00a0\u00bb][\/vc_column][vc_column width=\u00a0\u00bb1\/2&Prime;][vc_column_text]Retrouver dynamisme et s\u00e9r\u00e9nit\u00e9 gr\u00e2ce \u00e0 un directeur g\u00e9n\u00e9ral de transition Sur des march\u00e9s dynamiques, la capacit\u00e9 \u00e0 man\u0153uvrer de mani\u00e8re pr\u00e9cise en toute situation est essentielle \u00e0 la r\u00e9ussite de tout projet. Mais parfois, il manque \u00e0 l\u2019\u00e9quipe le v\u00e9ritable&hellip;","og_url":"https:\/\/www.inbusinessforyou.eu\/fr\/mes-domaines-dactivite\/","og_site_name":"in business for you :: Michael Nels","article_modified_time":"2020-04-07T11:51:41+00:00","twitter_card":"summary_large_image","twitter_misc":{"Dur\u00e9e de lecture estim\u00e9e":"9 minutes"},"schema":{"@context":"https:\/\/schema.org","@graph":[{"@type":"WebPage","@id":"https:\/\/www.inbusinessforyou.eu\/fr\/mes-domaines-dactivite\/","url":"https:\/\/www.inbusinessforyou.eu\/fr\/mes-domaines-dactivite\/","name":"Mes domaines d\u2019activit\u00e9 - in business for you :: Michael Nels","isPartOf":{"@id":"https:\/\/www.inbusinessforyou.eu\/fr\/#website"},"datePublished":"2019-04-26T09:22:46+00:00","dateModified":"2020-04-07T11:51:41+00:00","breadcrumb":{"@id":"https:\/\/www.inbusinessforyou.eu\/fr\/mes-domaines-dactivite\/#breadcrumb"},"inLanguage":"fr-FR","potentialAction":[{"@type":"ReadAction","target":["https:\/\/www.inbusinessforyou.eu\/fr\/mes-domaines-dactivite\/"]}]},{"@type":"BreadcrumbList","@id":"https:\/\/www.inbusinessforyou.eu\/fr\/mes-domaines-dactivite\/#breadcrumb","itemListElement":[{"@type":"ListItem","position":1,"name":"Startseite","item":"https:\/\/www.inbusinessforyou.eu\/fr\/"},{"@type":"ListItem","position":2,"name":"Mes domaines d\u2019activit\u00e9"}]},{"@type":"WebSite","@id":"https:\/\/www.inbusinessforyou.eu\/fr\/#website","url":"https:\/\/www.inbusinessforyou.eu\/fr\/","name":"in business for you :: Michael Nels","description":"Interimsmanagement - Michael Nels - Hamburg","publisher":{"@id":"https:\/\/www.inbusinessforyou.eu\/fr\/#organization"},"potentialAction":[{"@type":"SearchAction","target":{"@type":"EntryPoint","urlTemplate":"https:\/\/www.inbusinessforyou.eu\/fr\/?s={search_term_string}"},"query-input":{"@type":"PropertyValueSpecification","valueRequired":true,"valueName":"search_term_string"}}],"inLanguage":"fr-FR"},{"@type":"Organization","@id":"https:\/\/www.inbusinessforyou.eu\/fr\/#organization","name":"in business for you :: Michael Nels","url":"https:\/\/www.inbusinessforyou.eu\/fr\/","logo":{"@type":"ImageObject","inLanguage":"fr-FR","@id":"https:\/\/www.inbusinessforyou.eu\/fr\/#\/schema\/logo\/image\/","url":"https:\/\/www.inbusinessforyou.eu\/wp-content\/uploads\/2019\/04\/Logo-iB4u.jpg","contentUrl":"https:\/\/www.inbusinessforyou.eu\/wp-content\/uploads\/2019\/04\/Logo-iB4u.jpg","width":983,"height":165,"caption":"in business for you :: Michael Nels"},"image":{"@id":"https:\/\/www.inbusinessforyou.eu\/fr\/#\/schema\/logo\/image\/"}}]}},"_links":{"self":[{"href":"https:\/\/www.inbusinessforyou.eu\/fr\/wp-json\/wp\/v2\/pages\/930","targetHints":{"allow":["GET"]}}],"collection":[{"href":"https:\/\/www.inbusinessforyou.eu\/fr\/wp-json\/wp\/v2\/pages"}],"about":[{"href":"https:\/\/www.inbusinessforyou.eu\/fr\/wp-json\/wp\/v2\/types\/page"}],"author":[{"embeddable":true,"href":"https:\/\/www.inbusinessforyou.eu\/fr\/wp-json\/wp\/v2\/users\/1"}],"replies":[{"embeddable":true,"href":"https:\/\/www.inbusinessforyou.eu\/fr\/wp-json\/wp\/v2\/comments?post=930"}],"version-history":[{"count":0,"href":"https:\/\/www.inbusinessforyou.eu\/fr\/wp-json\/wp\/v2\/pages\/930\/revisions"}],"wp:attachment":[{"href":"https:\/\/www.inbusinessforyou.eu\/fr\/wp-json\/wp\/v2\/media?parent=930"}],"curies":[{"name":"wp","href":"https:\/\/api.w.org\/{rel}","templated":true}]}}