{"id":938,"date":"2019-04-29T18:11:44","date_gmt":"2019-04-29T16:11:44","guid":{"rendered":"https:\/\/www.inbusinessforyou.eu\/nels-interimsmanager\/"},"modified":"2020-04-06T14:38:07","modified_gmt":"2020-04-06T12:38:07","slug":"nels-interimsmanager","status":"publish","type":"page","link":"https:\/\/www.inbusinessforyou.eu\/fr\/nels-interimsmanager\/","title":{"rendered":"Profil"},"content":{"rendered":"<div class=\"wpb-content-wrapper\">[vc_row full_width=\u00a0\u00bbstretch_row_content\u00a0\u00bb css=\u00a0\u00bb.vc_custom_1586176682841{margin-top: -140px !important;}\u00a0\u00bb][vc_column][vc_single_image image=\u00a0\u00bb1039&Prime; alignment=\u00a0\u00bbright\u00a0\u00bb][\/vc_column][\/vc_row][vc_row][vc_column]<style>.vcex-heading.vcex_69eb96fb132ea{color:#003366;font-size:28px;font-weight:300;}<\/style><div class=\"vcex-heading vcex-heading-plain vcex-module wpex-heading wpex-text-2xl wpex-div vcex_69eb96fb132ea\"><span class=\"vcex-heading-inner wpex-inline-block\">Michael Nels \u2013 Cr\u00e9ateur, Consultant, Entrepreneur<\/span><\/div>[vc_separator align=\u00a0\u00bbalign_left\u00a0\u00bb][\/vc_column][\/vc_row][vc_row css=\u00a0\u00bb.vc_custom_1559145799403{padding-bottom: 30px !important;}\u00a0\u00bb][vc_column width=\u00a0\u00bb1\/2&Prime;][vc_column_text]Mon c\u0153ur de cible se concentre sur les PME qui d\u00e9veloppent et commercialisent des produits de marque et des produits premium ainsi que des services. Mon expertise est quelque peu inhabituelle, \u00e9tant donn\u00e9 que mes activit\u00e9s ne se concentrent pas sur des secteurs bien sp\u00e9cifiques. J\u2019agis en tant que manager g\u00e9n\u00e9raliste b\u00e9n\u00e9ficiant de plus de 26 ans d\u2019exp\u00e9rience, dont plus de 20 ans en tant que cadre dirigeant ou au niveau d\u2019une direction g\u00e9n\u00e9rale ainsi que 10 ans en tant que manager de transition et consultant ind\u00e9pendant et j\u2019ai su mener diverses entreprises de diff\u00e9rentes mani\u00e8res vers la r\u00e9ussite.[\/vc_column_text][\/vc_column][vc_column width=\u00a0\u00bb1\/2&Prime;][vc_column_text]Le d\u00e9fi de m\u2019investir constamment dans des nouveaux produits, services, march\u00e9s et strat\u00e9gies, m\u2019offre une vision large du monde de l\u2019entreprise. En tant que manager de transition \u00e0 Hambourg, je connais tr\u00e8s exactement le paysage entrepreneurial local et c\u2019est m\u00eame devenu ma passion. Mes clients sont des PME en Allemagne et en Europe, qui accordent de l\u2019importance \u00e0 collaborer avec moi \u00e0 pied d\u2019\u00e9galit\u00e9 et aspirent au d\u00e9veloppement de leur entreprise avec la m\u00eame passion qui est la mienne.[\/vc_column_text][\/vc_column][\/vc_row][vc_row full_width=\u00a0\u00bbstretch_row\u00a0\u00bb css=\u00a0\u00bb.vc_custom_1556619119670{padding-top: 70px !important;padding-bottom: 30px !important;background-color: #efeae5 !important;}\u00a0\u00bb][vc_column width=\u00a0\u00bb1\/2&Prime;]<style>.vcex-heading.vcex_69eb96fb13ba9{color:#003366;font-size:28px;font-weight:300;}<\/style><div class=\"vcex-heading vcex-heading-plain vcex-module wpex-heading wpex-text-2xl wpex-div vcex_69eb96fb13ba9\"><span class=\"vcex-heading-inner wpex-inline-block\">Mes valeurs<\/span><\/div>[vc_separator align=\u00a0\u00bbalign_left\u00a0\u00bb]<div class=\"vcex-spacing wpex-w-100 wpex-clear\"><\/div>[vc_column_text]Mon travail en tant que manager de transition signifie pour moi instaurer une relation d\u2019\u00e9gal \u00e0 \u00e9gal avec vous. Toutefois, c\u2019est la perspective qui fait la diff\u00e9rence. Mon travail ne se r\u00e9duit jamais \u00e0 une perspective en marge de votre entreprise ou bien \u00e0 une analyse de consultant, mais je m\u2019adresse \u00e0 vous d\u2019entrepreneur \u00e0 entrepreneur. Cette relation \u00e0 pied d\u2019\u00e9galit\u00e9 sous-entend pour moi une confiance r\u00e9ciproque, une garantie et une responsabilit\u00e9.<\/p>\n<p>J\u2019assume enti\u00e8rement la responsabilit\u00e9 de vos projets: de l\u2019id\u00e9e \u00e0 la conception jusqu\u2019\u00e0 la mise en pratique et enfin le contr\u00f4le de la r\u00e9ussite. La confiance et l\u2019investissement personnel sont au c\u0153ur m\u00eame de mon travail de manager de transition. Je trouve des solutions profitables gagnant\/gagnant pour votre succ\u00e8s et j\u2019agis en tant que partenaire \u00e0 vos c\u00f4t\u00e9s. Ceci est tr\u00e8s important pour moi.[\/vc_column_text][\/vc_column][vc_column width=\u00a0\u00bb1\/2&Prime;]<div class=\"vcex-spacing wpex-w-100 wpex-clear hidden-phone\" style=\"height:60px;\"><\/div>[vc_single_image image=\u00a0\u00bb951&Prime;][\/vc_column][\/vc_row][vc_row full_width=\u00a0\u00bbstretch_row\u00a0\u00bb css=\u00a0\u00bb.vc_custom_1556619119670{padding-top: 70px !important;padding-bottom: 30px !important;background-color: #efeae5 !important;}\u00a0\u00bb][vc_column width=\u00a0\u00bb1\/2&Prime;]<style>.vcex-heading.vcex_69eb96fb144b4{color:#003366;font-size:28px;font-weight:300;}<\/style><div class=\"vcex-heading vcex-heading-plain vcex-module wpex-heading wpex-text-2xl wpex-div vcex_69eb96fb144b4\"><span class=\"vcex-heading-inner wpex-inline-block\">Mes terrains d\u2019action<\/span><\/div>[vc_separator color=\u00a0\u00bbchino\u00a0\u00bb align=\u00a0\u00bbalign_left\u00a0\u00bb]<div class=\"vcex-spacing wpex-w-100 wpex-clear\"><\/div>[vc_column_text text_align=\u00a0\u00bbleft\u00a0\u00bb]Mon m\u00e9tier de manager de transition et consultant en entreprise s\u2019\u00e9tend \u00e0 tous les domaines de positionnement d\u2019entreprise et de produit, d\u2019orientation strat\u00e9gique de domaine d\u2019activit\u00e9 et d\u2019optimisation de processus, en particulier dans le commerce et le marketing. La gestion des co\u00fbts, le management d\u2019innovation et les (re)structurations organisationnelles font partie de mon portefeuille, tout comme le marketing outsourcing, les analyses de vente et de march\u00e9 et le conseil pour la distribution des produits. La gestion de produits et les grands comptes clients appartiennent \u00e9galement \u00e0 mon secteur d\u2019activit\u00e9s. Mon travail de partenaire au sein d\u2019<a href=\"https:\/\/de.expensereduction.com\/find-a-consultant\/michael-nels\/\">EXPENSE REDUCTION ANALYSTS<\/a> consiste \u00e0 am\u00e9liorer votre comp\u00e9titivit\u00e9 et \u00e0 concentrer mes efforts sur la gestion effective des co\u00fbts de votre entreprise. [\/vc_column_text][\/vc_column][vc_column width=\u00a0\u00bb1\/2&Prime;]<div class=\"vcex-spacing wpex-w-100 wpex-clear hidden-phone\" style=\"height:60px;\"><\/div>[vc_single_image image=\u00a0\u00bb949&Prime;][\/vc_column][\/vc_row][vc_row css=\u00a0\u00bb.vc_custom_1460667358119{padding-top: 50px !important;padding-bottom: 20px !important;}\u00a0\u00bb][vc_column]<style>.vcex-heading.vcex_69eb96fb14e0a{color:#003366;font-size:20px;font-weight:300;text-transform:uppercase;}<\/style><div class=\"vcex-heading vcex-heading-plain vcex-module wpex-heading wpex-text-2xl wpex-div wpex-text-center vcex_69eb96fb14e0a\"><span class=\"vcex-heading-inner wpex-inline-block\">T\u00e9moignages de clients<\/span><\/div>[vc_separator]<div class=\"vcex-spacing wpex-w-100 wpex-clear\" style=\"height:40PX;\"><\/div>[\/vc_column][\/vc_row][vc_row full_width=\u00a0\u00bbstretch_row\u00a0\u00bb css=\u00a0\u00bb.vc_custom_1556866206582{padding-top: 80px !important;padding-bottom: 100px !important;background-image: url(https:\/\/www.inbusinessforyou.eu\/wp-content\/uploads\/2019\/05\/nels-slider19.jpg?id=363) !important;background-position: center !important;background-repeat: no-repeat !important;background-size: cover !important;}\u00a0\u00bb][vc_column width=\u00a0\u00bb1\/2&Prime;][vc_column_text font_size=\u00a0\u00bb22px\u00a0\u00bb color=\u00a0\u00bb#003366&Prime; css=\u00a0\u00bb.vc_custom_1586168020429{padding-top: 30px !important;padding-right: 30px !important;padding-bottom: 30px !important;padding-left: 30px !important;}\u00a0\u00bb]INFORMATIONS SUR MA PERSONNE[\/vc_column_text][vc_column_text font_size=\u00a0\u00bb36px\u00a0\u00bb color=\u00a0\u00bb#ffffff\u00a0\u00bb css=\u00a0\u00bb.vc_custom_1556519197751{padding: 30px !important;background-color: #003366 !important;}\u00a0\u00bb]Michael Nels[\/vc_column_text][vc_column_text font_size=\u00a0\u00bb18px\u00a0\u00bb color=\u00a0\u00bb#ffffff\u00a0\u00bb css=\u00a0\u00bb.vc_custom_1583320566029{padding-right: 30px !important;padding-bottom: 30px !important;padding-left: 30px !important;background-color: #003366 !important;}\u00a0\u00bb]Je suis expert en commerce et en marketing pour les march\u00e9s allemand et europ\u00e9en et j\u2019ai \u00e0 mon actif de nombreuses ann\u00e9es d\u2019exp\u00e9rience de produits de marques de la grande consommation et depuis 23 ans au niveau de la direction g\u00e9n\u00e9rale.<\/p>\n<p>En tant que sp\u00e9cialiste de la vente performante, de la commercialisation cr\u00e9ative, du management d\u2019innovation durable, ainsi que de la gestion efficace des co\u00fbts dans l\u2019optique d\u2019une croissance profitable, j\u2019aime autant le d\u00e9fi d\u2019agir comme consultant avec un regard ext\u00e9rieur tout comme l\u2019action dans le management de transition \u00e0 l\u2019int\u00e9rieur de l\u2019entreprise. Et chaque jour, c\u2019est ce d\u00e9fi positif, en tant que dirigeant d\u2019\u00e9quipes interdisciplinaires associant les personnes, les strat\u00e9gies et la gestion des co\u00fbts vers la r\u00e9ussite qui me motive.[\/vc_column_text][\/vc_column][vc_column width=\u00a0\u00bb1\/2&Prime;][\/vc_column][\/vc_row]\n<\/div>","protected":false},"excerpt":{"rendered":"<p>[vc_row full_width=\u00a0\u00bbstretch_row_content\u00a0\u00bb css=\u00a0\u00bb.vc_custom_1586176682841{margin-top: -140px !important;}\u00a0\u00bb][vc_column][vc_single_image image=\u00a0\u00bb1039&Prime; alignment=\u00a0\u00bbright\u00a0\u00bb][\/vc_column][\/vc_row][vc_row][vc_column][vc_separator align=\u00a0\u00bbalign_left\u00a0\u00bb][\/vc_column][\/vc_row][vc_row css=\u00a0\u00bb.vc_custom_1559145799403{padding-bottom: 30px !important;}\u00a0\u00bb][vc_column width=\u00a0\u00bb1\/2&Prime;][vc_column_text]Mon c\u0153ur de cible se concentre sur les PME qui d\u00e9veloppent et commercialisent des produits de marque et des produits premium ainsi que des services. Mon expertise est quelque peu inhabituelle, \u00e9tant donn\u00e9 que mes activit\u00e9s ne se concentrent pas sur des secteurs bien&hellip;<\/p>\n","protected":false},"author":1,"featured_media":0,"parent":0,"menu_order":0,"comment_status":"closed","ping_status":"closed","template":"","meta":{"footnotes":""},"class_list":["post-938","page","type-page","status-publish","hentry","entry","no-media"],"yoast_head":"<!-- This site is optimized with the Yoast SEO plugin v27.4 - https:\/\/yoast.com\/product\/yoast-seo-wordpress\/ -->\n<title>Profil - in business for you :: Michael Nels<\/title>\n<meta name=\"robots\" content=\"index, follow, max-snippet:-1, max-image-preview:large, max-video-preview:-1\" \/>\n<link rel=\"canonical\" href=\"https:\/\/www.inbusinessforyou.eu\/fr\/nels-interimsmanager\/\" \/>\n<meta property=\"og:locale\" content=\"fr_FR\" \/>\n<meta property=\"og:type\" content=\"article\" \/>\n<meta property=\"og:title\" content=\"Profil - in business for you :: Michael Nels\" \/>\n<meta property=\"og:description\" content=\"[vc_row full_width=\u00a0\u00bbstretch_row_content\u00a0\u00bb css=\u00a0\u00bb.vc_custom_1586176682841{margin-top: -140px !important;}\u00a0\u00bb][vc_column][vc_single_image image=\u00a0\u00bb1039&Prime; alignment=\u00a0\u00bbright\u00a0\u00bb][\/vc_column][\/vc_row][vc_row][vc_column][vc_separator align=\u00a0\u00bbalign_left\u00a0\u00bb][\/vc_column][\/vc_row][vc_row css=\u00a0\u00bb.vc_custom_1559145799403{padding-bottom: 30px !important;}\u00a0\u00bb][vc_column width=\u00a0\u00bb1\/2&Prime;][vc_column_text]Mon c\u0153ur de cible se concentre sur les PME qui d\u00e9veloppent et commercialisent des produits de marque et des produits premium ainsi que des services. Mon expertise est quelque peu inhabituelle, \u00e9tant donn\u00e9 que mes activit\u00e9s ne se concentrent pas sur des secteurs bien&hellip;\" \/>\n<meta property=\"og:url\" content=\"https:\/\/www.inbusinessforyou.eu\/fr\/nels-interimsmanager\/\" \/>\n<meta property=\"og:site_name\" content=\"in business for you :: Michael Nels\" \/>\n<meta property=\"article:modified_time\" content=\"2020-04-06T12:38:07+00:00\" \/>\n<meta name=\"twitter:card\" content=\"summary_large_image\" \/>\n<meta name=\"twitter:label1\" content=\"Dur\u00e9e de lecture estim\u00e9e\" \/>\n\t<meta name=\"twitter:data1\" content=\"5 minutes\" \/>\n<script type=\"application\/ld+json\" class=\"yoast-schema-graph\">{\"@context\":\"https:\\\/\\\/schema.org\",\"@graph\":[{\"@type\":\"WebPage\",\"@id\":\"https:\\\/\\\/www.inbusinessforyou.eu\\\/fr\\\/nels-interimsmanager\\\/\",\"url\":\"https:\\\/\\\/www.inbusinessforyou.eu\\\/fr\\\/nels-interimsmanager\\\/\",\"name\":\"Profil - in business for you :: Michael Nels\",\"isPartOf\":{\"@id\":\"https:\\\/\\\/www.inbusinessforyou.eu\\\/fr\\\/#website\"},\"datePublished\":\"2019-04-29T16:11:44+00:00\",\"dateModified\":\"2020-04-06T12:38:07+00:00\",\"breadcrumb\":{\"@id\":\"https:\\\/\\\/www.inbusinessforyou.eu\\\/fr\\\/nels-interimsmanager\\\/#breadcrumb\"},\"inLanguage\":\"fr-FR\",\"potentialAction\":[{\"@type\":\"ReadAction\",\"target\":[\"https:\\\/\\\/www.inbusinessforyou.eu\\\/fr\\\/nels-interimsmanager\\\/\"]}]},{\"@type\":\"BreadcrumbList\",\"@id\":\"https:\\\/\\\/www.inbusinessforyou.eu\\\/fr\\\/nels-interimsmanager\\\/#breadcrumb\",\"itemListElement\":[{\"@type\":\"ListItem\",\"position\":1,\"name\":\"Startseite\",\"item\":\"https:\\\/\\\/www.inbusinessforyou.eu\\\/fr\\\/\"},{\"@type\":\"ListItem\",\"position\":2,\"name\":\"Profil\"}]},{\"@type\":\"WebSite\",\"@id\":\"https:\\\/\\\/www.inbusinessforyou.eu\\\/fr\\\/#website\",\"url\":\"https:\\\/\\\/www.inbusinessforyou.eu\\\/fr\\\/\",\"name\":\"in business for you :: Michael Nels\",\"description\":\"Interimsmanagement - Michael Nels - Hamburg\",\"publisher\":{\"@id\":\"https:\\\/\\\/www.inbusinessforyou.eu\\\/fr\\\/#organization\"},\"potentialAction\":[{\"@type\":\"SearchAction\",\"target\":{\"@type\":\"EntryPoint\",\"urlTemplate\":\"https:\\\/\\\/www.inbusinessforyou.eu\\\/fr\\\/?s={search_term_string}\"},\"query-input\":{\"@type\":\"PropertyValueSpecification\",\"valueRequired\":true,\"valueName\":\"search_term_string\"}}],\"inLanguage\":\"fr-FR\"},{\"@type\":\"Organization\",\"@id\":\"https:\\\/\\\/www.inbusinessforyou.eu\\\/fr\\\/#organization\",\"name\":\"in business for you :: Michael Nels\",\"url\":\"https:\\\/\\\/www.inbusinessforyou.eu\\\/fr\\\/\",\"logo\":{\"@type\":\"ImageObject\",\"inLanguage\":\"fr-FR\",\"@id\":\"https:\\\/\\\/www.inbusinessforyou.eu\\\/fr\\\/#\\\/schema\\\/logo\\\/image\\\/\",\"url\":\"https:\\\/\\\/www.inbusinessforyou.eu\\\/wp-content\\\/uploads\\\/2019\\\/04\\\/Logo-iB4u.jpg\",\"contentUrl\":\"https:\\\/\\\/www.inbusinessforyou.eu\\\/wp-content\\\/uploads\\\/2019\\\/04\\\/Logo-iB4u.jpg\",\"width\":983,\"height\":165,\"caption\":\"in business for you :: Michael Nels\"},\"image\":{\"@id\":\"https:\\\/\\\/www.inbusinessforyou.eu\\\/fr\\\/#\\\/schema\\\/logo\\\/image\\\/\"}}]}<\/script>\n<!-- \/ Yoast SEO plugin. -->","yoast_head_json":{"title":"Profil - in business for you :: Michael Nels","robots":{"index":"index","follow":"follow","max-snippet":"max-snippet:-1","max-image-preview":"max-image-preview:large","max-video-preview":"max-video-preview:-1"},"canonical":"https:\/\/www.inbusinessforyou.eu\/fr\/nels-interimsmanager\/","og_locale":"fr_FR","og_type":"article","og_title":"Profil - in business for you :: Michael Nels","og_description":"[vc_row full_width=\u00a0\u00bbstretch_row_content\u00a0\u00bb css=\u00a0\u00bb.vc_custom_1586176682841{margin-top: -140px !important;}\u00a0\u00bb][vc_column][vc_single_image image=\u00a0\u00bb1039&Prime; alignment=\u00a0\u00bbright\u00a0\u00bb][\/vc_column][\/vc_row][vc_row][vc_column][vc_separator align=\u00a0\u00bbalign_left\u00a0\u00bb][\/vc_column][\/vc_row][vc_row css=\u00a0\u00bb.vc_custom_1559145799403{padding-bottom: 30px !important;}\u00a0\u00bb][vc_column width=\u00a0\u00bb1\/2&Prime;][vc_column_text]Mon c\u0153ur de cible se concentre sur les PME qui d\u00e9veloppent et commercialisent des produits de marque et des produits premium ainsi que des services. Mon expertise est quelque peu inhabituelle, \u00e9tant donn\u00e9 que mes activit\u00e9s ne se concentrent pas sur des secteurs bien&hellip;","og_url":"https:\/\/www.inbusinessforyou.eu\/fr\/nels-interimsmanager\/","og_site_name":"in business for you :: Michael Nels","article_modified_time":"2020-04-06T12:38:07+00:00","twitter_card":"summary_large_image","twitter_misc":{"Dur\u00e9e de lecture estim\u00e9e":"5 minutes"},"schema":{"@context":"https:\/\/schema.org","@graph":[{"@type":"WebPage","@id":"https:\/\/www.inbusinessforyou.eu\/fr\/nels-interimsmanager\/","url":"https:\/\/www.inbusinessforyou.eu\/fr\/nels-interimsmanager\/","name":"Profil - in business for you :: Michael Nels","isPartOf":{"@id":"https:\/\/www.inbusinessforyou.eu\/fr\/#website"},"datePublished":"2019-04-29T16:11:44+00:00","dateModified":"2020-04-06T12:38:07+00:00","breadcrumb":{"@id":"https:\/\/www.inbusinessforyou.eu\/fr\/nels-interimsmanager\/#breadcrumb"},"inLanguage":"fr-FR","potentialAction":[{"@type":"ReadAction","target":["https:\/\/www.inbusinessforyou.eu\/fr\/nels-interimsmanager\/"]}]},{"@type":"BreadcrumbList","@id":"https:\/\/www.inbusinessforyou.eu\/fr\/nels-interimsmanager\/#breadcrumb","itemListElement":[{"@type":"ListItem","position":1,"name":"Startseite","item":"https:\/\/www.inbusinessforyou.eu\/fr\/"},{"@type":"ListItem","position":2,"name":"Profil"}]},{"@type":"WebSite","@id":"https:\/\/www.inbusinessforyou.eu\/fr\/#website","url":"https:\/\/www.inbusinessforyou.eu\/fr\/","name":"in business for you :: Michael Nels","description":"Interimsmanagement - Michael Nels - Hamburg","publisher":{"@id":"https:\/\/www.inbusinessforyou.eu\/fr\/#organization"},"potentialAction":[{"@type":"SearchAction","target":{"@type":"EntryPoint","urlTemplate":"https:\/\/www.inbusinessforyou.eu\/fr\/?s={search_term_string}"},"query-input":{"@type":"PropertyValueSpecification","valueRequired":true,"valueName":"search_term_string"}}],"inLanguage":"fr-FR"},{"@type":"Organization","@id":"https:\/\/www.inbusinessforyou.eu\/fr\/#organization","name":"in business for you :: Michael Nels","url":"https:\/\/www.inbusinessforyou.eu\/fr\/","logo":{"@type":"ImageObject","inLanguage":"fr-FR","@id":"https:\/\/www.inbusinessforyou.eu\/fr\/#\/schema\/logo\/image\/","url":"https:\/\/www.inbusinessforyou.eu\/wp-content\/uploads\/2019\/04\/Logo-iB4u.jpg","contentUrl":"https:\/\/www.inbusinessforyou.eu\/wp-content\/uploads\/2019\/04\/Logo-iB4u.jpg","width":983,"height":165,"caption":"in business for you :: Michael Nels"},"image":{"@id":"https:\/\/www.inbusinessforyou.eu\/fr\/#\/schema\/logo\/image\/"}}]}},"_links":{"self":[{"href":"https:\/\/www.inbusinessforyou.eu\/fr\/wp-json\/wp\/v2\/pages\/938","targetHints":{"allow":["GET"]}}],"collection":[{"href":"https:\/\/www.inbusinessforyou.eu\/fr\/wp-json\/wp\/v2\/pages"}],"about":[{"href":"https:\/\/www.inbusinessforyou.eu\/fr\/wp-json\/wp\/v2\/types\/page"}],"author":[{"embeddable":true,"href":"https:\/\/www.inbusinessforyou.eu\/fr\/wp-json\/wp\/v2\/users\/1"}],"replies":[{"embeddable":true,"href":"https:\/\/www.inbusinessforyou.eu\/fr\/wp-json\/wp\/v2\/comments?post=938"}],"version-history":[{"count":0,"href":"https:\/\/www.inbusinessforyou.eu\/fr\/wp-json\/wp\/v2\/pages\/938\/revisions"}],"wp:attachment":[{"href":"https:\/\/www.inbusinessforyou.eu\/fr\/wp-json\/wp\/v2\/media?parent=938"}],"curies":[{"name":"wp","href":"https:\/\/api.w.org\/{rel}","templated":true}]}}